{"id":2281,"date":"2022-10-20T13:49:52","date_gmt":"2022-10-20T13:49:52","guid":{"rendered":"http:\/\/www.spkatarzyna.pl\/?page_id=2281"},"modified":"2026-01-10T08:40:36","modified_gmt":"2026-01-10T08:40:36","slug":"dokumenty-do-pobrania","status":"publish","type":"page","link":"https:\/\/www.spkatarzyna.pl\/index.php\/dokumenty-do-pobrania\/","title":{"rendered":"Dokumenty do pobrania"},"content":{"rendered":"<div class=\"content clearfix\">\n<p><strong><span style=\"font-size: 18pt; color: #800000;\">Poni\u017cej znajduj\u0105 si\u0119 aktualne pliki do pobrania.<\/span><\/strong><\/p>\n<hr>\n<ul>\n<li><span style=\"font-size: 14pt;\"><a href=\"https:\/\/www.spkatarzyna.pl\/wp-content\/uploads\/2025\/08\/Karta-zgloszenia-dziecka-do-swietlicy-szkolnej-Arkusz1.pdf\">Karta zapisu dziecka do \u015bwietlicy na rok szkolny 2025\/2026&nbsp;<\/a><\/span><\/li>\n<li><span style=\"font-size: 14pt;\"><a href=\"https:\/\/www.spkatarzyna.pl\/wp-content\/uploads\/2025\/08\/Karta-zgloszenia-dojazdy-i-powroty-ze-szkoly.doc.pdf\">Karta zapisu na dow\u00f3z autobusem na rok szkolny 2025\/2026<\/a><\/span><\/li>\n<li><span style=\"font-size: 14pt;\"><a href=\"https:\/\/www.spkatarzyna.pl\/wp-content\/uploads\/2025\/08\/zgoda-na-religie-2025-2026.doc.pdf\">Zgoda na religi\u0119 w roku szkolnym 2025\/2026<\/a><\/span><\/li>\n<li><span style=\"font-size: 14pt;\"><img decoding=\"async\" class=\" wp-image-6021 alignright\" src=\"http:\/\/www.spkatarzyna.pl\/wp-content\/uploads\/2023\/09\/list-2389219_640-300x300.png\" alt=\"\" width=\"189\" height=\"189\" srcset=\"https:\/\/www.spkatarzyna.pl\/wp-content\/uploads\/2023\/09\/list-2389219_640-300x300.png 300w, https:\/\/www.spkatarzyna.pl\/wp-content\/uploads\/2023\/09\/list-2389219_640-150x150.png 150w, https:\/\/www.spkatarzyna.pl\/wp-content\/uploads\/2023\/09\/list-2389219_640-90x90.png 90w, https:\/\/www.spkatarzyna.pl\/wp-content\/uploads\/2023\/09\/list-2389219_640.png 640w\" sizes=\"(max-width: 189px) 100vw, 189px\" \/><a href=\"https:\/\/www.spkatarzyna.pl\/wp-content\/uploads\/2025\/08\/rezygnacja-Edukacja-Zdrowotna-2025-2026.docx.pdf\">Rezygnacja z Edukacji zdrowotnej w roku szkolnym 2025\/2026<\/a><\/span><\/li>\n<li><span style=\"font-size: 14pt;\"><a href=\"https:\/\/www.spkatarzyna.pl\/wp-content\/uploads\/2025\/08\/Zasady-korzystania-z-programu-Cieply-Posilek-w-SP-Katarzyna-5-1.pdf\">Ciep\u0142y posi\u0142ek w naszej szkole<\/a><\/span><\/li>\n<li><span style=\"font-size: 14pt;\"><a href=\"https:\/\/www.spkatarzyna.pl\/wp-content\/uploads\/2025\/08\/INFORMACJA-DLA-RODZICOW-QSQS-SP_PRYMASA_TYSIACLECIA_GLOWNA.pdf\">Instrukcja do zamawiania posi\u0142k\u00f3w<\/a><\/span><\/li>\n<li><span style=\"font-size: 14pt;\"><a href=\"http:\/\/archiwum.spkatarzyna.pl\/wp-content\/uploads\/2021\/07\/deklaracja-zajecia-wspomagajace.doc\">Deklaracja-zaj\u0119cia-wspomagaj\u0105ce<\/a><\/span><\/li>\n<li><span style=\"font-size: 14pt;\"><a href=\"http:\/\/archiwum.spkatarzyna.pl\/wp-content\/uploads\/2015\/02\/Regulamin-korzystania-z-szafek-ubraniowych-na-przybory-oraz-szatni-ca\u0142o\u015b\u0107.doc\">Regulamin korzystania z szafek ubraniowych, na przybory oraz szatni<\/a><\/span><\/li>\n<li><span style=\"font-size: 14pt;\"><a href=\"http:\/\/www.spkatarzyna.pl\/wp-content\/uploads\/2023\/10\/wniosek-mLegitymacja.docx.pdf\">Wniosek mLegitymacja<\/a><\/span><\/li>\n<li><span style=\"font-size: 14pt;\"><a href=\"https:\/\/www.spkatarzyna.pl\/wp-content\/uploads\/2026\/01\/Podanie-o-duplikat-legitymacji-szkolnej-numer-konta-od-01.01.2026.docx.pdf\">Podanie o duplikat legitymacji szkolnej<\/a><\/span><\/li>\n<li><a href=\"https:\/\/www.spkatarzyna.pl\/wp-content\/uploads\/2026\/01\/podanie-o-wyrobienie-duplikatu-swiadectwa-szkolego-numer-konta-od-01.01.2026r.docx.pdf\">Pod<span style=\"font-size: 14pt;\">anie o duplikat \u015bwiadectwa szkolnego<\/span><\/a><\/li>\n<li><span style=\"font-size: 14pt;\"><a href=\"http:\/\/archiwum.spkatarzyna.pl\/wp-content\/uploads\/2015\/02\/Podanie-o-duplikat-karty-rowerowej.pdf\">Podanie o wydanie duplikatu&nbsp;karty rowerowej<\/a><\/span><\/li>\n<li><span style=\"font-size: 14pt;\"><a href=\"http:\/\/archiwum.spkatarzyna.pl\/wp-content\/uploads\/2015\/06\/Klauzula-informacyjna-o-przetwarzaniu-danych-osobowych-Polbus.doc\">Klauzula informacyjna o przetwarzaniu danych osobowych Polbus i o\u015bwiadczenie o korzystaniu z autobusu<\/a><\/span><\/li>\n<li><span style=\"font-size: 14pt;\"><a href=\"http:\/\/archiwum.spkatarzyna.pl\/wp-content\/uploads\/2015\/06\/busKlauzula-informacyjna-o-przetwarzaniu-danych-osobowych.doc\">Klauzula informacyjna o przetwarzaniu danych osobowych i o\u015bwiadczenie o korzystaniu z busa<\/a><\/span><\/li>\n<li><a href=\"https:\/\/www.spkatarzyna.pl\/wp-content\/uploads\/2024\/10\/CCF_000234.pdf\"><span style=\"font-size: 14pt;\">Regulamin udzielania stypendi\u00f3w dla uczni\u00f3w Publicznej Szko\u0142y Podstawowej<\/span><\/a><\/li>\n<li><a href=\"https:\/\/www.spkatarzyna.pl\/wp-content\/uploads\/2024\/10\/Zal.-1-Wniosek-o-stypendium.docx.pdf\"><span style=\"font-size: 14pt;\">Wniosek o przyznanie stypendium za wyniki w nauce\/osi\u0105gni\u0119cia artystyczne\/osi\u0105gni\u0119cia sportowe<\/span><\/a><\/li>\n<li><span style=\"font-size: 14pt;\"><a href=\"http:\/\/archiwum.spkatarzyna.pl\/wp-content\/uploads\/2013\/12\/Procedury_windykacyjne_naleznosci_.docx\">Procedury_windykacyjne_nale\u017cnosci_<\/a><\/span><\/li>\n<\/ul>\n<\/div>\n","protected":false},"excerpt":{"rendered":"<p>Poni\u017cej znajduj\u0105 si\u0119 aktualne pliki do pobrania. Karta zapisu dziecka do \u015bwietlicy na rok szkolny 2025\/2026&nbsp; Karta zapisu na dow\u00f3z autobusem na rok szkolny 2025\/2026 Zgoda na religi\u0119 w roku szkolnym 2025\/2026 Rezygnacja z Edukacji zdrowotnej w roku szkolnym 2025\/2026 Ciep\u0142y posi\u0142ek w naszej szkole Instrukcja do zamawiania posi\u0142k\u00f3w Deklaracja-zaj\u0119cia-wspomagaj\u0105ce [&hellip;]<\/p>\n","protected":false},"author":1,"featured_media":0,"parent":0,"menu_order":0,"comment_status":"closed","ping_status":"closed","template":"","meta":{"om_disable_all_campaigns":false,"_monsterinsights_skip_tracking":false,"_monsterinsights_sitenote_active":false,"_monsterinsights_sitenote_note":"","_monsterinsights_sitenote_category":0,"ngg_post_thumbnail":0,"footnotes":""},"class_list":["post-2281","page","type-page","status-publish","hentry"],"aioseo_notices":[],"_links":{"self":[{"href":"https:\/\/www.spkatarzyna.pl\/index.php\/wp-json\/wp\/v2\/pages\/2281","targetHints":{"allow":["GET"]}}],"collection":[{"href":"https:\/\/www.spkatarzyna.pl\/index.php\/wp-json\/wp\/v2\/pages"}],"about":[{"href":"https:\/\/www.spkatarzyna.pl\/index.php\/wp-json\/wp\/v2\/types\/page"}],"author":[{"embeddable":true,"href":"https:\/\/www.spkatarzyna.pl\/index.php\/wp-json\/wp\/v2\/users\/1"}],"replies":[{"embeddable":true,"href":"https:\/\/www.spkatarzyna.pl\/index.php\/wp-json\/wp\/v2\/comments?post=2281"}],"version-history":[{"count":26,"href":"https:\/\/www.spkatarzyna.pl\/index.php\/wp-json\/wp\/v2\/pages\/2281\/revisions"}],"predecessor-version":[{"id":18189,"href":"https:\/\/www.spkatarzyna.pl\/index.php\/wp-json\/wp\/v2\/pages\/2281\/revisions\/18189"}],"wp:attachment":[{"href":"https:\/\/www.spkatarzyna.pl\/index.php\/wp-json\/wp\/v2\/media?parent=2281"}],"curies":[{"name":"wp","href":"https:\/\/api.w.org\/{rel}","templated":true}]}}