{"id":2560,"date":"2022-11-04T10:06:36","date_gmt":"2022-11-04T10:06:36","guid":{"rendered":"http:\/\/www.spkatarzyna.pl\/?page_id=2560"},"modified":"2025-08-26T17:34:11","modified_gmt":"2025-08-26T17:34:11","slug":"swietlica","status":"publish","type":"page","link":"https:\/\/www.spkatarzyna.pl\/index.php\/swietlica\/","title":{"rendered":"\u015awietlica"},"content":{"rendered":"<p style=\"text-align: justify;\"><span style=\"font-size: 14pt;\"><strong><span style=\"color: #800000;\">\u015awietlica szkolna<\/span><\/strong> stanowi integraln\u0105 cz\u0119\u015b\u0107 szko\u0142y, wspomaga i uzupe\u0142nia jej prac\u0119 w zakresie opieki i oddzia\u0142ywa\u0144 wychowawczych, a nasze dzia\u0142ania s\u0105 sp\u00f3jne z programem wychowawczym i profilaktyki szko\u0142y.<\/span><\/p>\n<p style=\"text-align: justify;\"><span style=\"font-size: 14pt;\">Nasza \u015bwietlica wspiera rozw\u00f3j dzieci, pomaga odkrywa\u0107 i&nbsp;rozwija\u0107 ich zainteresowania i&nbsp;talenty. Kszta\u0142tuje zdrowy i&nbsp;bezpieczny styl \u017cycia, wyrabia nawyki kulturalnego sp\u0119dzania wolnego czasu. W&nbsp;wychowankach rozwijamy samodzielno\u015b\u0107, wra\u017cliwo\u015b\u0107 na potrzeby innych, poczucie estetyki.<\/span><\/p>\n<p><img fetchpriority=\"high\" decoding=\"async\" class=\"aligncenter wp-image-16312 size-medium\" src=\"https:\/\/www.spkatarzyna.pl\/wp-content\/uploads\/2025\/08\/studentsA-9792509_640-e1756229473427-300x276.png\" alt=\"\" width=\"300\" height=\"276\" srcset=\"https:\/\/www.spkatarzyna.pl\/wp-content\/uploads\/2025\/08\/studentsA-9792509_640-e1756229473427-300x276.png 300w, https:\/\/www.spkatarzyna.pl\/wp-content\/uploads\/2025\/08\/studentsA-9792509_640-e1756229473427.png 572w\" sizes=\"(max-width: 300px) 100vw, 300px\" \/><\/p>\n<p><span style=\"color: #800000; font-size: 14pt;\"><strong>Prowadzimy zaj\u0119cia:<\/strong><\/span><\/p>\n<ul>\n<li style=\"text-align: justify;\" aria-level=\"2\"><span style=\"font-size: 14pt;\">&nbsp;czytelnicze, plastyczne, muzyczne, ruchowe, gry stolikowe, zabawy na \u015bwie\u017cym powietrzu, origami, plastyczno\u2013techniczne,&nbsp;<\/span><\/li>\n<li style=\"text-align: justify;\" aria-level=\"2\"><span style=\"font-size: 14pt;\">odrabianie zada\u0144 domowych,<\/span><\/li>\n<li style=\"text-align: justify;\" aria-level=\"2\"><span style=\"font-size: 14pt;\">wdra\u017camy do integracji i komunikacji w grupie<\/span><\/li>\n<\/ul>\n<p><span style=\"color: #800000; font-size: 14pt;\"><strong>Organizacja pracy \u015bwietlicy:<\/strong><\/span><\/p>\n<ol>\n<li style=\"font-weight: 400; text-align: justify;\" aria-level=\"1\"><span style=\"font-weight: 400; font-size: 14pt; color: #000000;\">\u015awietlica czynna jest od godz.6.30 \u2013 17.00.<\/span><\/li>\n<li style=\"font-weight: 400; text-align: justify;\" aria-level=\"1\"><span style=\"font-weight: 400; font-size: 14pt; color: #000000;\">W \u015bwietlicy pracuje 10 wychowawc\u00f3w i nauczycieli.<\/span><\/li>\n<li style=\"font-weight: 400; text-align: justify;\" aria-level=\"1\"><span style=\"font-weight: 400; font-size: 14pt; color: #000000;\">Zaj\u0119cia w \u015bwietlicy prowadzone s\u0105 wg rocznego planu pracy \u015bwietlicy dla klas I-II i III \u2013 VIII oraz ramowego planu \u015bwietlicy.<\/span><\/li>\n<li style=\"font-weight: 400; text-align: justify;\" aria-level=\"1\"><span style=\"font-weight: 400; font-size: 14pt; color: #000000;\">Do \u015bwietlicy dzieci przyjmowane s\u0105 na podstawie karty zg\u0142oszenia, wg kryteri\u00f3w zapisanych na karcie zg\u0142oszenia dziecka.<\/span><\/li>\n<li style=\"font-weight: 400; text-align: justify;\" aria-level=\"1\"><span style=\"font-weight: 400; font-size: 14pt; color: #000000;\">Uczniowie odbierani s\u0105 ze \u015bwietlicy przez rodzic\u00f3w, osoby upowa\u017cnione pisemnie przez rodzic\u00f3w w karcie zapisu dziecka do \u015bwietlicy szkolnej, z\u0142o\u017conym u wychowawcy klasy lub jednorazowej zgodzie przekazanej wychowawcy lub nauczycielowi \u015bwietlicy.<\/span><\/li>\n<\/ol>\n<p><span style=\"font-size: 14pt; color: #800000;\"><b>Dowoz\u00f3w uczni\u00f3w do szko\u0142y autobusem szkolnym.&nbsp;&nbsp;&nbsp;<\/b><\/span><\/p>\n<ol>\n<li style=\"font-weight: 400; text-align: justify;\" aria-level=\"1\"><span style=\"font-weight: 400; font-size: 14pt; color: #000000;\">Uczniowie z okolicznych miejscowo\u015bci nale\u017c\u0105cych do naszego rejonu dowo\u017cone s\u0105 do szko\u0142y na podstawie zg\u0142oszenia autobusami szkolnymi wg szkolnego rozk\u0142adu jazdy (rozk\u0142ad jazdy jest wywieszony przy g\u0142\u00f3wnym wej\u015bciu do szko\u0142y, zamieszczony na stronie internetowej szko\u0142y oraz gminy, a tak\u017ce na przystankach autobusowych).<\/span><\/li>\n<li style=\"font-weight: 400; text-align: justify;\" aria-level=\"1\"><span style=\"font-weight: 400; font-size: 14pt; color: #000000;\">Wychowawcy \u015bwietlicy sprawuj\u0105 opiek\u0119 nad uczniami doje\u017cd\u017caj\u0105cymi w czasie odprowadzania do autobusu oraz odbierania z autobusu i przyprowadzania do szko\u0142y.<\/span><\/li>\n<\/ol>\n<p style=\"text-align: justify;\"><span style=\"font-size: 14pt; color: #800000;\"><b>Organizacja \u017cywienia w szkole.<\/b><\/span><\/p>\n<ol>\n<li style=\"font-weight: 400; text-align: justify;\" aria-level=\"1\"><span style=\"font-weight: 400; font-size: 14pt; color: #000000;\">Obiady do szko\u0142y dostarczane s\u0105 przez firm\u0119 cateringow\u0105.<\/span><\/li>\n<li style=\"font-weight: 400; text-align: justify;\" aria-level=\"1\"><span style=\"font-weight: 400; font-size: 14pt; color: #000000;\">Wydawanie posi\u0142k\u00f3w odbywa si\u0119 od godz.11.30 \u2013 13.30, wg opracowanego harmonogramu dostosowanego do wieku dzieci oraz planu lekcji.<\/span><\/li>\n<li style=\"font-weight: 400; text-align: justify;\" aria-level=\"1\"><span style=\"font-weight: 400; font-size: 14pt; color: #000000;\">Realizacja programu ,,Mleko i owoce w szkole\u201d w klasach I \u2013V<\/span><\/li>\n<\/ol>\n<p>&nbsp;<\/p>\n<ol>\n<li><span style=\"font-size: 14pt;\"><a href=\"https:\/\/www.spkatarzyna.pl\/wp-content\/uploads\/2025\/08\/Karta-zgloszenia-dziecka-do-swietlicy-szkolnej-Arkusz1.pdf\">Karta zapisu dziecka do \u015bwietlicy na rok szkolny 2025\/2026 &nbsp;i<\/a><span style=\"color: #000000;\"><span style=\"font-weight: 400;\">&nbsp;<\/span><\/span><span style=\"color: #000000;\"><a title=\"O\u015bwiadczenie rodzic\u00f3w dotycz\u0105ce dojazd\u00f3w\" href=\"https:\/\/www.spkatarzyna.pl\/wp-content\/uploads\/2025\/08\/Karta-zgloszenia-dziecka-do-swietlicy-szkolnej-Arkusz1.pdf\"><span style=\"font-weight: 400;\">O\u015bwiadczenie rodzic\u00f3w dotycz\u0105ce dojazd\u00f3w i powrot\u00f3w dziecka do szko\u0142y.<\/span><\/a><span style=\"font-weight: 400;\">&nbsp;<\/span><\/span><\/span><\/li>\n<li><span style=\"font-size: 14pt;\"><a href=\"https:\/\/www.spkatarzyna.pl\/wp-content\/uploads\/2025\/08\/NOWY-REGULAMIN-swietlicy.docx.pdf\">Regulamin \u015bwietlicy szkolnej przy Publicznej Szkole Podstawowej.<\/a><\/span><\/li>\n<li><span style=\"font-size: 14pt;\"><a href=\"https:\/\/www.spkatarzyna.pl\/wp-content\/uploads\/2025\/08\/Ramowy-Plan-Dnia-pracy-swietlicy.doc.pdf\">Ramowy plan dnia \u015bwietlicy szkolnej&nbsp;<\/a><\/span><\/li>\n<li><span style=\"font-size: 14pt;\"><a href=\"https:\/\/www.spkatarzyna.pl\/wp-content\/uploads\/2025\/08\/Roczny-Plan-Pracy-Swietlicy-2025-2026.docx.pdf\">Plan Pracy Wychowawczo \u2013 Dydaktyczny realizowany w \u015awietlicy Szkolnej w roku szkolnym 2025\/2026<\/a><\/span><\/li>\n<\/ol>\n<p>&nbsp;<\/p>\n","protected":false},"excerpt":{"rendered":"<p>\u015awietlica szkolna stanowi integraln\u0105 cz\u0119\u015b\u0107 szko\u0142y, wspomaga i uzupe\u0142nia jej prac\u0119 w zakresie opieki i oddzia\u0142ywa\u0144 wychowawczych, a nasze dzia\u0142ania s\u0105 sp\u00f3jne z programem wychowawczym i profilaktyki szko\u0142y. Nasza \u015bwietlica wspiera rozw\u00f3j dzieci, pomaga odkrywa\u0107 i&nbsp;rozwija\u0107 ich zainteresowania i&nbsp;talenty. Kszta\u0142tuje zdrowy i&nbsp;bezpieczny styl \u017cycia, wyrabia nawyki kulturalnego sp\u0119dzania wolnego czasu. [&hellip;]<\/p>\n","protected":false},"author":6,"featured_media":0,"parent":0,"menu_order":0,"comment_status":"closed","ping_status":"closed","template":"","meta":{"om_disable_all_campaigns":false,"_monsterinsights_skip_tracking":false,"_monsterinsights_sitenote_active":false,"_monsterinsights_sitenote_note":"","_monsterinsights_sitenote_category":0,"ngg_post_thumbnail":0,"footnotes":""},"class_list":["post-2560","page","type-page","status-publish","hentry"],"aioseo_notices":[],"_links":{"self":[{"href":"https:\/\/www.spkatarzyna.pl\/index.php\/wp-json\/wp\/v2\/pages\/2560","targetHints":{"allow":["GET"]}}],"collection":[{"href":"https:\/\/www.spkatarzyna.pl\/index.php\/wp-json\/wp\/v2\/pages"}],"about":[{"href":"https:\/\/www.spkatarzyna.pl\/index.php\/wp-json\/wp\/v2\/types\/page"}],"author":[{"embeddable":true,"href":"https:\/\/www.spkatarzyna.pl\/index.php\/wp-json\/wp\/v2\/users\/6"}],"replies":[{"embeddable":true,"href":"https:\/\/www.spkatarzyna.pl\/index.php\/wp-json\/wp\/v2\/comments?post=2560"}],"version-history":[{"count":18,"href":"https:\/\/www.spkatarzyna.pl\/index.php\/wp-json\/wp\/v2\/pages\/2560\/revisions"}],"predecessor-version":[{"id":16315,"href":"https:\/\/www.spkatarzyna.pl\/index.php\/wp-json\/wp\/v2\/pages\/2560\/revisions\/16315"}],"wp:attachment":[{"href":"https:\/\/www.spkatarzyna.pl\/index.php\/wp-json\/wp\/v2\/media?parent=2560"}],"curies":[{"name":"wp","href":"https:\/\/api.w.org\/{rel}","templated":true}]}}