{"id":2564,"date":"2022-11-04T10:11:39","date_gmt":"2022-11-04T10:11:39","guid":{"rendered":"http:\/\/www.spkatarzyna.pl\/?page_id=2564"},"modified":"2024-10-30T18:08:03","modified_gmt":"2024-10-30T18:08:03","slug":"dokumenty-prawne","status":"publish","type":"page","link":"https:\/\/www.spkatarzyna.pl\/index.php\/dokumenty-prawne\/","title":{"rendered":"Dokumenty prawne"},"content":{"rendered":"<p style=\"text-align: center;\"><span style=\"font-size: 14pt;\"><strong>&nbsp;<span style=\"color: #800000;\">Statut Publicznej Szko\u0142y Podstawowej im. Stefana Kardyna\u0142a Wyszy\u0144skiego Prymasa Tysi\u0105clecia w \u015awi\u0119tej Katarzynie jest <\/span><\/strong><\/span><span style=\"font-size: 14pt; color: #800000;\"><strong>dost\u0119pny na stronie internetowej szko\u0142y w zak\u0142adce BIP<\/strong><\/span><\/p>\n<p style=\"text-align: justify;\"><strong>&nbsp;<\/strong><\/p>\n<ul>\n<li><span style=\"font-size: 14pt;\"><a href=\"http:\/\/archiwum.spkatarzyna.pl\/wp-content\/uploads\/2016\/04\/UCHWA\u0141A-NR-XXXVI-269-17-Z-DN.-16.03.2017.pdf\">Uchwa\u0142a Nr XXXVI\/269\/17 Rady Miejskiej w Siechnicach z dn. 16.03.2017<\/a><\/span><\/li>\n<li><span style=\"font-size: 14pt;\"><a href=\"http:\/\/archiwum.spkatarzyna.pl\/wp-content\/uploads\/2016\/04\/REGULAMIN-UDOST\u0118PNIANIA-INFORMACJI-PUBLICZNEJ.pdf\">REGULAMIN UDOST\u0118PNIANIA INFORMACJI PUBLICZNEJ<\/a><\/span><\/li>\n<li><span style=\"font-size: 14pt;\"><a href=\"http:\/\/archiwum.spkatarzyna.pl\/wp-content\/uploads\/2016\/04\/Regulamin-wypo\u017cyczania-darmowych-podr\u0119cznik\u00f3w-szkolnych-wydanych-przez-Ministerstwo-Edukacji-Narodowej.pdf\">Regulamin wypo\u017cyczania darmowych podr\u0119cznik\u00f3w szkolnych wydanych przez Ministerstwo Edukacji Narodowej<\/a><\/span><\/li>\n<li><span style=\"font-size: 14pt;\"><a href=\"http:\/\/archiwum.spkatarzyna.pl\/wp-content\/uploads\/2016\/04\/Procedura-organizacji-nauczania-indywidualnego-w-SP-Katarzyna.pdf\">Procedura organizacji nauczania indywidualnego w SP Katarzyna<\/a><\/span><\/li>\n<li><span style=\"font-size: 14pt;\"><a href=\"http:\/\/archiwum.spkatarzyna.pl\/wp-content\/uploads\/2016\/04\/Organizacja-nauczania-indywidualnego.pdf\">Organizacja nauczania indywidualnego<\/a><\/span><\/li>\n<li><span style=\"font-size: 14pt;\"><a href=\"http:\/\/archiwum.spkatarzyna.pl\/wp-content\/uploads\/2016\/04\/Wniosek-rodzic\u00f3w-o-nauczanie-indywidualne.pdf\">Wniosek rodzic\u00f3w o nauczanie indywidualne<\/a><\/span><\/li>\n<li><span style=\"font-size: 14pt;\"><a href=\"http:\/\/archiwum.spkatarzyna.pl\/wp-content\/uploads\/2016\/04\/Zezwolenie-dyrektora-na-odst\u0105pienie-od-realizacji-niekt\u00f3rych-tre\u015bci-nauczania.pdf\">Zezwolenie dyrektora na odst\u0105pienie od realizacji niekt\u00f3rych tre\u015bci nauczania<\/a><\/span><\/li>\n<li><span style=\"font-size: 14pt;\"><a href=\"http:\/\/archiwum.spkatarzyna.pl\/wp-content\/uploads\/2016\/04\/Wniosek-nauczyciela-prowadz\u0105cego-ni-o-odst\u0105pienie-od-realizacji-niekt\u00f3rych-tre\u015bci-nauczania.pdf\">Wniosek nauczyciela prowadz\u0105cego o odst\u0105pienie od realizacji niekt\u00f3rych tre\u015bci nauczania<\/a><\/span><\/li>\n<li><span style=\"font-size: 14pt;\"><a href=\"http:\/\/archiwum.spkatarzyna.pl\/wp-content\/uploads\/2018\/12\/Wewn\u0105trz.-System-Doradztwa-Zawod..doc\">Wewn\u0105trzszkolny System Doradztwa Zawodowego w Szkole Podstawowej w \u015awi\u0119tej Katarzynie<\/a><\/span><\/li>\n<li><span style=\"font-size: 14pt;\"><a href=\"http:\/\/archiwum.spkatarzyna.pl\/wp-content\/uploads\/2016\/04\/Decyzja.pdf\">Decyzja<\/a><\/span><\/li>\n<li><span style=\"font-size: 14pt;\"><a href=\"http:\/\/archiwum.spkatarzyna.pl\/wp-content\/uploads\/2019\/01\/regulamin_korzystania_z_dziennika_elektronicznego_przez_rodzicow.pdf\">Regulamin korzystania z dziennika elektronicznego&nbsp;przez rodzic\u00f3w<\/a><\/span><\/li>\n<li><span style=\"font-size: 14pt;\"><a href=\"http:\/\/archiwum.spkatarzyna.pl\/wp-content\/uploads\/2019\/01\/REGULAMIN-WYCIECZEK-PSP-\u015aW.KATARZYNA-2018-2019.pdf\">Regulamin wycieczek<\/a><\/span><\/li>\n<li><a href=\"https:\/\/www.spkatarzyna.pl\/wp-content\/uploads\/2024\/10\/CCF_000234.pdf\"><span style=\"font-size: 14pt;\">Regulamin udzielania stypendi\u00f3w dla uczni\u00f3w Publicznej Szko\u0142y Podstawowej<\/span><\/a><\/li>\n<li><a href=\"https:\/\/www.spkatarzyna.pl\/wp-content\/uploads\/2024\/10\/Zal.-1-Wniosek-o-stypendium.docx.pdf\"><span style=\"font-size: 14pt;\">Wniosek o przyznanie stypendium za wyniki w nauce\/osi\u0105gni\u0119cia artystyczne\/osi\u0105gni\u0119cia sportowe<\/span><\/a><\/li>\n<li><span style=\"font-size: 14pt;\"><a href=\"http:\/\/www.spkatarzyna.pl\/wp-content\/uploads\/2023\/10\/CCF_000394.pdf\">Zarz\u0105dzenie z dnia 5 pa\u017adziernika 2023 roku Dyrektora Publicznej Szko\u0142y Podstawowej w \u015awi\u0119tej Katarzynie w sprawie dnia dodatkowo wolnych od zaj\u0119\u0107 dydaktyczno &#8211; wychowawczych dla uczni\u00f3w klas i-VIII w roku szkolnym 2023\/2024<\/a><\/span><\/li>\n<\/ul>\n","protected":false},"excerpt":{"rendered":"<p>&nbsp;Statut Publicznej Szko\u0142y Podstawowej im. Stefana Kardyna\u0142a Wyszy\u0144skiego Prymasa Tysi\u0105clecia w \u015awi\u0119tej Katarzynie jest dost\u0119pny na stronie internetowej szko\u0142y w zak\u0142adce BIP &nbsp; Uchwa\u0142a Nr XXXVI\/269\/17 Rady Miejskiej w Siechnicach z dn. 16.03.2017 REGULAMIN UDOST\u0118PNIANIA INFORMACJI PUBLICZNEJ Regulamin wypo\u017cyczania darmowych podr\u0119cznik\u00f3w szkolnych wydanych przez Ministerstwo Edukacji Narodowej Procedura organizacji nauczania [&hellip;]<\/p>\n","protected":false},"author":6,"featured_media":0,"parent":0,"menu_order":0,"comment_status":"closed","ping_status":"closed","template":"","meta":{"om_disable_all_campaigns":false,"_monsterinsights_skip_tracking":false,"_monsterinsights_sitenote_active":false,"_monsterinsights_sitenote_note":"","_monsterinsights_sitenote_category":0,"ngg_post_thumbnail":0,"footnotes":""},"class_list":["post-2564","page","type-page","status-publish","hentry"],"aioseo_notices":[],"_links":{"self":[{"href":"https:\/\/www.spkatarzyna.pl\/index.php\/wp-json\/wp\/v2\/pages\/2564","targetHints":{"allow":["GET"]}}],"collection":[{"href":"https:\/\/www.spkatarzyna.pl\/index.php\/wp-json\/wp\/v2\/pages"}],"about":[{"href":"https:\/\/www.spkatarzyna.pl\/index.php\/wp-json\/wp\/v2\/types\/page"}],"author":[{"embeddable":true,"href":"https:\/\/www.spkatarzyna.pl\/index.php\/wp-json\/wp\/v2\/users\/6"}],"replies":[{"embeddable":true,"href":"https:\/\/www.spkatarzyna.pl\/index.php\/wp-json\/wp\/v2\/comments?post=2564"}],"version-history":[{"count":10,"href":"https:\/\/www.spkatarzyna.pl\/index.php\/wp-json\/wp\/v2\/pages\/2564\/revisions"}],"predecessor-version":[{"id":12356,"href":"https:\/\/www.spkatarzyna.pl\/index.php\/wp-json\/wp\/v2\/pages\/2564\/revisions\/12356"}],"wp:attachment":[{"href":"https:\/\/www.spkatarzyna.pl\/index.php\/wp-json\/wp\/v2\/media?parent=2564"}],"curies":[{"name":"wp","href":"https:\/\/api.w.org\/{rel}","templated":true}]}}