{"id":2600,"date":"2022-11-06T19:14:00","date_gmt":"2022-11-06T19:14:00","guid":{"rendered":"http:\/\/www.spkatarzyna.pl\/?page_id=2600"},"modified":"2022-11-06T19:26:29","modified_gmt":"2022-11-06T19:26:29","slug":"bezpieczenstwo-w-sieci-i-bhp-korzystania-z-komputera-i-internetu","status":"publish","type":"page","link":"https:\/\/www.spkatarzyna.pl\/index.php\/bezpieczenstwo-w-sieci-i-bhp-korzystania-z-komputera-i-internetu\/","title":{"rendered":"Bezpiecze\u0144stwo w sieci i BHP korzystania z komputera i Internetu"},"content":{"rendered":"<header>\n<h1 class=\"title\" style=\"text-align: center;\"><b>Rodzicu, poznaj podstawowe zasady BHP korzystania z&nbsp;komputera i&nbsp;Internetu!!!<\/b><\/h1>\n<\/header>\n<div class=\"content clearfix\">\n<p align=\"CENTER\"><a href=\"http:\/\/archiwum.spkatarzyna.pl\/wp-content\/uploads\/2020\/03\/bla.jpg\" rel=\"lightbox[13775]\"><img fetchpriority=\"high\" decoding=\"async\" class=\"aligncenter size-full wp-image-13776\" src=\"http:\/\/archiwum.spkatarzyna.pl\/wp-content\/uploads\/2020\/03\/bla.jpg\" alt=\"bla\" width=\"284\" height=\"177\"><\/a><\/p>\n<ol>\n<li style=\"text-align: justify;\">Przyjrzyj si\u0119, w&nbsp;jaki spos\u00f3b dziecko korzysta&nbsp;z&nbsp;sieci \u2013 jakie lubi ogl\u0105da\u0107&nbsp;strony, jakie wybiera gry, ile czasu po\u015bwi\u0119ca na&nbsp;przebywanie z&nbsp;komputerem, jakie ujawnia emocje, jak si\u0119 zachowuje, kiedy musi zako\u0144czy\u0107 sw\u00f3j pobyt w&nbsp;Internecie.<\/li>\n<\/ol>\n<ol style=\"text-align: justify;\" start=\"2\">\n<li>Zapoznaj si\u0119 z&nbsp;tre\u015bci\u0105 gier, w&nbsp;jakie gra Twoje&nbsp;dziecko (kieruj si\u0119 oznaczeniami&nbsp;PEGI umieszczonymi na&nbsp;opakowaniu. Mo\u017cesz skorzysta\u0107 z&nbsp;wyszukiwarki dost\u0119pnej na&nbsp;stronie&nbsp;<u>www.pegi.info.pl)<\/u>.<\/li>\n<\/ol>\n<ol style=\"text-align: justify;\" start=\"3\">\n<li>Zainstaluj w&nbsp;komputerze dziecka programy kontroli rodzicielskiej.<\/li>\n<li>Ustal&nbsp;zasady korzystania z&nbsp;komputera i&nbsp;Internetu<\/li>\n<li>Porozmawiaj z&nbsp;dzieckiem o&nbsp;podstawowych zasadach bezpiecze\u0144stwa&nbsp;w&nbsp;Internecie. \u0179r\u00f3d\u0142em wiedzy na&nbsp;temat s\u0105&nbsp;<span lang=\"zxx\"><u><a href=\"http:\/\/www.sieciaki.pl\/\">www.sieciaki.pl<\/a><\/u><\/span>,&nbsp;<a href=\"http:\/\/www.safeintermet.pl\/\" target=\"_blank\" rel=\"noopener\"><u>www.safeintermet.pl<\/u><\/a>;&nbsp;<a href=\"http:\/\/www.dzieckowsieci.pl\/\" target=\"_blank\" rel=\"noopener\"><u>www.dzieckowsieci.pl<\/u><\/a>;&nbsp; <span lang=\"zxx\"><u><a href=\"http:\/\/www.kidprotect.pl\/\">www.kidprotect.pl<\/a><\/u><\/span>.<\/li>\n<\/ol>\n<ol style=\"text-align: justify;\" start=\"6\">\n<li>Naucz dziecko krytycznego podej\u015bcia do&nbsp;informacji wyczytywanych w&nbsp;sieci.<\/li>\n<li>Zapoznaj dziecko z&nbsp;etykiet\u0105 \u2013 kodeksem dobrego zachowania w&nbsp;Internecie&nbsp;(<a href=\"http:\/\/www.sieciaki.pl\/\" target=\"_blank\" rel=\"noopener\"><u>www.sieciaki.pl<\/u><\/a>).<\/li>\n<\/ol>\n<ol style=\"text-align: justify;\" start=\"8\">\n<li>Ustal ramy czasowe sp\u0119dzania dziecka przy komputerze (1-2 godziny&nbsp;dziennie, w zale\u017cno\u015bci od wieku, z&nbsp;przerwami). Nie przed\u0142u\u017caj wyznaczonego czasu.<\/li>\n<\/ol>\n<ol style=\"text-align: justify;\" start=\"9\">\n<li>B\u0105d\u017a konsekwentny i&nbsp;stosuj zasad\u0119: najpierw obowi\u0105zki, potem przyjemno\u015bci.<\/li>\n<li>Zach\u0119caj dziecko do&nbsp;innych form sp\u0119dzania wolnego czasu.<\/li>\n<\/ol>\n<p style=\"text-align: justify;\">D\u0142ugotrwa\u0142e u\u017cywanie komputera jest szkodliwe \u2013 wie o tym ka\u017cdy. Po d\u0142u\u017cszej pracy dokuczaj\u0105 nam problemy z oczami \u2013 pieczenie, wysychanie \u2013 b\u00f3le nadgarstk\u00f3w, szyi i plec\u00f3w. Wieloletnie niew\u0142a\u015bciwe korzystanie z komputera mo\u017ce doprowadzi\u0107 do powa\u017cnych wad postawy, zwyrodnie\u0144 staw\u00f3w, a tak\u017ce do pogorszenia si\u0119 wzroku. To wszystko skutek niezachowania takich \u015brodk\u00f3w zapobiegawczych jak higiena pracy przy komputerze.<\/p>\n<p style=\"text-align: justify;\">Odleg\u0142o\u015b\u0107 pomi\u0119dzy brzegiem biurka a ustawion\u0105 na nim klawiatur\u0105 powinna by\u0107 wi\u0119ksza ni\u017c 10 cm. Chodzi tu o mo\u017cliwo\u015b\u0107 u\u0142o\u017cenia na biurku d\u0142oni. Pisanie z r\u0119kami bez oparcia jest bardzo uci\u0105\u017cliwe dla u\u017cytkownika.<\/p>\n<p style=\"text-align: justify;\">Odleg\u0142o\u015b\u0107 ekran-u\u017cytkownik powinna wynosi\u0107 co najmniej 40 cm. G\u00f3rna kraw\u0119d\u017a monitora nie powinna znajdowa\u0107 si\u0119 powy\u017cej linii wzroku u\u017cytkownika.<\/p>\n<p style=\"text-align: justify;\">Wysoko\u015b\u0107 sto\u0142u i krzes\u0142a powinna by\u0107 tak dostosowana, by zapewni\u0107 co najmniej k\u0105t prosty pomi\u0119dzy ramieniem a przedramieniem u\u017cytkownika.<\/p>\n<p style=\"text-align: justify;\"><b>Warto instalowa\u0107 nast\u0119puj\u0105ce programy kontroli rodzicielskiej:<\/b><\/p>\n<p style=\"text-align: justify;\"><strong>1. Beniamin<\/strong>&nbsp;\u2013 blokuje strony niepo\u017c\u0105dane (np.&nbsp;erotyczne) i&nbsp;te ze&nbsp;s\u0142owami \u2013 kluczami, kt\u00f3re przekierowuj\u0105 do&nbsp; stron o&nbsp;nieodpowiednich tre\u015bciach. Przy pomocy programu mo\u017cna stworzy\u0107 bia\u0142\u0105 i&nbsp;czarn\u0105 list\u0119 stron, a&nbsp;wi\u0119c stron do&nbsp;kt\u00f3rych dziecko b\u0119dzie mia\u0142o dost\u0119p i&nbsp;do tych dla niego niedost\u0119pnych.<\/p>\n<p style=\"text-align: justify;\"><strong>2. Ochraniacz<\/strong>&nbsp;\u2013 blokuje nieodpowiedni czaty i&nbsp;inne aplikacje.<\/p>\n<p style=\"text-align: justify;\"><strong>3. Amadeusz<\/strong>&nbsp;\u2013 blokuje nieodpowiednie czaty i&nbsp;inne aplikacje, szczeg\u00f3lnie wyczulony jest na&nbsp;ochron\u0119 przed&nbsp;pedofilami i&nbsp;sektami. Ma wbudowan\u0105 funkcj\u0119 zapami\u0119tywania i&nbsp;przechowywania korespondencji, komunikator\u00f3w i&nbsp;edytor\u00f3w tekstowych. Wyposa\u017cony jest w&nbsp;system czasowych ogranicze\u0144 dost\u0119pu do&nbsp;komputera, Internetu stosownie do&nbsp;wieku dziecka i&nbsp;dni tygodnia.<\/p>\n<p style=\"text-align: justify;\"><strong>4. Alladyn<\/strong>&nbsp;\u2013 bezpieczna przegl\u0105darka dla dzieci, kt\u00f3ra&nbsp;zawiera przeznaczone dla nich domeny. Program jest wyposa\u017cony w&nbsp;list\u0119 stron podzielon\u0105 tematycznie. Zawiera funkcj\u0119 ogranicznika czasowego.<\/p>\n<p><a href=\"http:\/\/archiwum.spkatarzyna.pl\/wp-content\/uploads\/2020\/03\/pegi.jpg\" rel=\"lightbox[13775]\"><img decoding=\"async\" class=\"aligncenter size-full wp-image-13778\" src=\"http:\/\/archiwum.spkatarzyna.pl\/wp-content\/uploads\/2020\/03\/pegi.jpg\" alt=\"pegi\" width=\"260\" height=\"194\"><\/a><\/p>\n<p style=\"text-align: justify;\"><strong>5. System PEGI<\/strong><br \/>\nPEGI (Pan \u2013 European Game Information) \u2013 to&nbsp;og\u00f3lnoeuropejski system klasyfikacji gier opracowany po&nbsp;to, aby chroni\u0107 dzieci i&nbsp;m\u0142odzie\u017c przed&nbsp;dost\u0119pem do&nbsp;tre\u015bci nieodpowiednich dla ich wieku. W&nbsp;ramach PEGI stosowanych jest 5 oznacze\u0144: PEGI3, PEGI 7, PEGI 12, PEGI16, PEGI18. Numery oznaczaj\u0105 kategorie wiekowe.<\/p>\n<p style=\"text-align: justify;\"><strong>PEGI 3<\/strong>&nbsp;gry zawieraj\u0105 tre\u015bci, co do&nbsp;kt\u00f3rych nie ma \u017cadnych ogranicze\u0144 (bezpieczne dla dziecka)<br \/>\n<strong>PEGI 7<\/strong>&nbsp;gry, kt\u00f3re zawieraj\u0105 d\u017awi\u0119ki lub sceny, kt\u00f3re mog\u0105 przestraszy\u0107 dziecko, nie powinny jednak wywrze\u0107 negatywnego wp\u0142ywu na&nbsp;jego psychik\u0119<br \/>\n<strong>PEGI 12<\/strong>&nbsp;w&nbsp;grze wyst\u0119puj\u0105 elementy przemocy, dopuszczalna jest tak\u017ce nago\u015b\u0107 i&nbsp;nieliczne wulgaryzmy<br \/>\n<strong>PEGI 16<\/strong>&nbsp;gra zawiera tre\u015bci, w&nbsp;kt\u00f3rych wyst\u0119puje przemoc lub aktywno\u015b\u0107 seksualna jak w&nbsp;rzeczywisto\u015bci<br \/>\n<strong>PEGI 18<\/strong>&nbsp;gra przeznaczona tylko i&nbsp;wy\u0142\u0105cznie dla doros\u0142ych<\/p>\n<p><a href=\"http:\/\/archiwum.spkatarzyna.pl\/wp-content\/uploads\/2020\/03\/uza.jpg\" rel=\"lightbox[13775]\"><img decoding=\"async\" class=\"aligncenter size-full wp-image-13777\" src=\"http:\/\/archiwum.spkatarzyna.pl\/wp-content\/uploads\/2020\/03\/uza.jpg\" alt=\"uza\" width=\"261\" height=\"193\"><\/a><\/p>\n<p><b>Sygna\u0142y ostrzegawcze, kt\u00f3re \u015bwiadcz\u0105 pojawieniu si\u0119 ryzyka szkodliwego, prowadz\u0105cego do&nbsp;uzale\u017cnienia, korzystania z&nbsp;komputera i&nbsp;Internetu:<\/b><\/p>\n<ul>\n<li>zainteresowanie Internetem nie ko\u0144czy si\u0119 z&nbsp;chwil\u0105 od\u0142\u0105czenia od&nbsp;sieci&nbsp;(dziecko wraca do&nbsp;niego my\u015blami, zastanawia si\u0119, co si\u0119 dzieje w&nbsp;sieci&nbsp;&nbsp;podczas jego nieobecno\u015bci)<\/li>\n<\/ul>\n<ul>\n<li>utrata kontroli nad&nbsp;ilo\u015bci\u0105 czasu sp\u0119dzanego przed&nbsp;komputerem<\/li>\n<li>podejmowanie wielokrotnych nieudanych pr\u00f3b kontrolowania, ograniczania lub&nbsp;zaprzestania korzystania z&nbsp;Internetu<\/li>\n<\/ul>\n<ul>\n<li>zaniedbywanie codziennych obowi\u0105zk\u00f3w, nauki<\/li>\n<li>popadanie w&nbsp;konflikty z&nbsp;najbli\u017cszymi<\/li>\n<li>zmienno\u015b\u0107 nastroj\u00f3w uzale\u017cniona od&nbsp;rytmu korzystania z&nbsp;komputera&nbsp;i&nbsp;Internetu (zadowolenie podczas korzystania, niepok\u00f3j i&nbsp;rozdra\u017cnienie w&nbsp;sytuacji konieczno\u015bci przerwania korzystania z&nbsp;Internetu)<\/li>\n<\/ul>\n<ul>\n<li>korzystanie z&nbsp;komputera i&nbsp;sieci pomimo do\u015bwiadczania jego szkodliwych&nbsp;nast\u0119pstw<\/li>\n<\/ul>\n<p><strong>Gdzie szuka\u0107 pomocy:<\/strong><\/p>\n<ul>\n<li>Je\u017celi niepokoi Ci\u0119 zachowanie nastolatka skontaktuj si\u0119 z&nbsp;helpline.org.pl pod&nbsp;bezp\u0142atnym numerem telefonu 800&nbsp;100&nbsp;100 czynnym od&nbsp;poniedzia\u0142ku do&nbsp;pi\u0105tku w&nbsp;godz. 11.00 \u2013 17.00 lub przez mail:&nbsp;<span lang=\"zxx\"><u><a href=\"mailto:helpline@helpline.org.pl.\" target=\"_blank\" rel=\"noopener\">helpline@helpline.org.pl.<\/a><\/u><\/span>&nbsp; Tutaj pomoc mog\u0105 uzyska\u0107 m\u0142odzi internauci, ich rodzice oraz&nbsp;profesjonali\u015bci. Wi\u0119cej informacji na&nbsp;stronie:&nbsp;<span lang=\"zxx\"><u><a href=\"http:\/\/www.helpline.org.pl\/\" target=\"_blank\" rel=\"noopener\">www.helpline.org.pl<\/a><\/u><\/span><\/li>\n<li>Strony internetowe na&nbsp;kt\u00f3rych znajduj\u0105 si\u0119 informacje o&nbsp;tym, jak dba\u0107 o&nbsp;bezpiecze\u0144stwo dzieci w&nbsp;Internecie:<\/li>\n<\/ul>\n<p><span lang=\"zxx\"><u><a href=\"http:\/\/www.dyzurnet.pl\/\">www.dyzurnet.pl<\/a><\/u><\/span>&nbsp;(dla rodzic\u00f3w, profesjonalist\u00f3w)<br \/>\n<span lang=\"zxx\"><u><a href=\"http:\/\/www.sieciaki.pl\/\" target=\"_blank\" rel=\"noopener\">www.sieciaki.pl<\/a><\/u><\/span>&nbsp;(dla dzieci, m\u0142odzie\u017cy, rodzic\u00f3w, profesjonalist\u00f3w)<br \/>\n<span lang=\"zxx\"><u><a href=\"http:\/\/www.safeinternet.pl\/\" target=\"_blank\" rel=\"noopener\">www.safeinternet.pl<\/a><\/u><\/span>&nbsp;(dla profesjonalist\u00f3w, rodzic\u00f3w)<br \/>\n<span lang=\"zxx\"><u><a href=\"http:\/\/www.safeinternet.org\/\" target=\"_blank\" rel=\"noopener\">www.safeinternet.org<\/a><\/u><\/span>&nbsp;(dla dzieci, m\u0142odzie\u017cy, doros\u0142ych)<\/p>\n<p><b>Czy mamy si\u0119 czym niepokoi\u0107? Korzystanie z&nbsp;komputera i&nbsp; Internetu w&nbsp;liczbach:<\/b><\/p>\n<p>Wed\u0142ug raportu EU Kids Online z&nbsp;2011&nbsp;r. (badanie przeprowadzone badanie przeprowadzone w\u015br\u00f3d dzieci w&nbsp;wieku 9-16 lat i&nbsp;ich rodzic\u00f3w):<\/p>\n<ul>\n<li>98% dzieci korzysta z&nbsp;komputera minimum raz na&nbsp;tydzie\u0144, a&nbsp;74% codziennie<\/li>\n<li>pierwszy kontakt z&nbsp;Internetem przypada na&nbsp;wiek mi\u0119dzy 7 a&nbsp;11 rokiem \u017cycia<\/li>\n<li>w Polsce wiek pierwszego logowania do&nbsp;sieci przypada na&nbsp; 9 rok \u017cycia<\/li>\n<li>33% 9-10-latk\u00f3w i&nbsp;80% 15-16-latk\u00f3w korzysta z&nbsp;Internetu codziennie<\/li>\n<li>co 4 dziecko kontaktuje si\u0119 z&nbsp;nieznajomym poznanym w&nbsp;sieci, a&nbsp;co 12 dziecko&nbsp;spotka\u0142o si\u0119 z&nbsp;nim osobi\u015bcie<\/li>\n<\/ul>\n<ul>\n<li>prawie co 7 dziecko mia\u0142o kontakt z&nbsp;materia\u0142ami o&nbsp;tre\u015bci erotycznej lub&nbsp;pornograficznej<\/li>\n<\/ul>\n<ul>\n<li>co 17 dziecko by\u0142o ofiar\u0105 cyberprzemocy<\/li>\n<\/ul>\n<p><b>Tymczasem rodzice, jak dowodzi raport EU Kids Online z&nbsp;2011&nbsp;r., nie zawsze zdaj\u0105 sobie spraw\u0119 z&nbsp;zagro\u017ce\u0144, kt\u00f3re spotykaj\u0105 dzieci:<\/b><\/p>\n<ul>\n<li>40% rodzic\u00f3w, kt\u00f3rych&nbsp;dzieci widzia\u0142y w&nbsp;sieci tre\u015bci (zdj\u0119cia lub filmy)&nbsp;zwi\u0105zane z&nbsp;seksem, uwa\u017ca, \u017ce&nbsp;ich dzieci nie widzia\u0142y tego<\/li>\n<\/ul>\n<ul>\n<li>56% rodzic\u00f3w, kt\u00f3rych&nbsp;dzieci otrzyma\u0142y przykre lub z\u0142o\u015bliwe wiadomo\u015bci&nbsp;online, s\u0105dzi, \u017ce&nbsp;ich dzieci takich wiadomo\u015bci nie otrzyma\u0142y<\/li>\n<\/ul>\n<ul>\n<li>52% rodzic\u00f3w, kt\u00f3rych&nbsp;dzieci otrzyma\u0142y wiadomo\u015bci z&nbsp;podtekstem&nbsp;seksualnym, twierdzi, \u017ce&nbsp;takich wiadomo\u015bci nie otrzyma\u0142y<\/li>\n<\/ul>\n<ul>\n<li>61% rodzic\u00f3w, kt\u00f3rych&nbsp;dzieci spotka\u0142y si\u0119 osobi\u015bcie z&nbsp;kim\u015b poznanym&nbsp;w&nbsp;Internecie, ma przekonanie, \u017ce&nbsp;takie spotkanie nie mia\u0142o miejsca<\/li>\n<\/ul>\n<p><a href=\"http:\/\/archiwum.spkatarzyna.pl\/wp-content\/uploads\/2020\/03\/Ilustracja-social-media-2.jpg\" rel=\"lightbox[13775]\"><img loading=\"lazy\" decoding=\"async\" class=\"aligncenter wp-image-13793\" src=\"http:\/\/archiwum.spkatarzyna.pl\/wp-content\/uploads\/2020\/03\/Ilustracja-social-media-2.jpg\" alt=\"Ilustracja-social-media (2)\" width=\"678\" height=\"959\"><\/a><\/p>\n<\/div>\n","protected":false},"excerpt":{"rendered":"<p>Rodzicu, poznaj podstawowe zasady BHP korzystania z&nbsp;komputera i&nbsp;Internetu!!! Przyjrzyj si\u0119, w&nbsp;jaki spos\u00f3b dziecko korzysta&nbsp;z&nbsp;sieci \u2013 jakie lubi ogl\u0105da\u0107&nbsp;strony, jakie wybiera gry, ile czasu po\u015bwi\u0119ca na&nbsp;przebywanie z&nbsp;komputerem, jakie ujawnia emocje, jak si\u0119 zachowuje, kiedy musi zako\u0144czy\u0107 sw\u00f3j pobyt w&nbsp;Internecie. Zapoznaj si\u0119 z&nbsp;tre\u015bci\u0105 gier, w&nbsp;jakie gra Twoje&nbsp;dziecko (kieruj si\u0119 oznaczeniami&nbsp;PEGI umieszczonymi na&nbsp;opakowaniu. [&hellip;]<\/p>\n","protected":false},"author":6,"featured_media":0,"parent":0,"menu_order":0,"comment_status":"closed","ping_status":"closed","template":"","meta":{"om_disable_all_campaigns":false,"_monsterinsights_skip_tracking":false,"_monsterinsights_sitenote_active":false,"_monsterinsights_sitenote_note":"","_monsterinsights_sitenote_category":0,"ngg_post_thumbnail":0,"footnotes":""},"class_list":["post-2600","page","type-page","status-publish","hentry"],"aioseo_notices":[],"_links":{"self":[{"href":"https:\/\/www.spkatarzyna.pl\/index.php\/wp-json\/wp\/v2\/pages\/2600","targetHints":{"allow":["GET"]}}],"collection":[{"href":"https:\/\/www.spkatarzyna.pl\/index.php\/wp-json\/wp\/v2\/pages"}],"about":[{"href":"https:\/\/www.spkatarzyna.pl\/index.php\/wp-json\/wp\/v2\/types\/page"}],"author":[{"embeddable":true,"href":"https:\/\/www.spkatarzyna.pl\/index.php\/wp-json\/wp\/v2\/users\/6"}],"replies":[{"embeddable":true,"href":"https:\/\/www.spkatarzyna.pl\/index.php\/wp-json\/wp\/v2\/comments?post=2600"}],"version-history":[{"count":3,"href":"https:\/\/www.spkatarzyna.pl\/index.php\/wp-json\/wp\/v2\/pages\/2600\/revisions"}],"predecessor-version":[{"id":2611,"href":"https:\/\/www.spkatarzyna.pl\/index.php\/wp-json\/wp\/v2\/pages\/2600\/revisions\/2611"}],"wp:attachment":[{"href":"https:\/\/www.spkatarzyna.pl\/index.php\/wp-json\/wp\/v2\/media?parent=2600"}],"curies":[{"name":"wp","href":"https:\/\/api.w.org\/{rel}","templated":true}]}}