{"id":2605,"date":"2022-11-06T19:21:24","date_gmt":"2022-11-06T19:21:24","guid":{"rendered":"http:\/\/www.spkatarzyna.pl\/?page_id=2605"},"modified":"2023-11-19T21:48:02","modified_gmt":"2023-11-19T21:48:02","slug":"telefon-zaufani","status":"publish","type":"page","link":"https:\/\/www.spkatarzyna.pl\/index.php\/telefon-zaufani\/","title":{"rendered":"Telefon zaufania"},"content":{"rendered":"<header>\n<h1 class=\"title\" style=\"text-align: center;\"><span style=\"font-size: 14pt;\"><b><span style=\"font-size: 18pt; color: #800000;\">Drodzy uczniowie!<\/span><\/b><\/span><\/h1>\n<\/header>\n<div class=\"content clearfix\">\n<p align=\"JUSTIFY\"><span style=\"font-size: 14pt;\">Wielu z Was ka\u017cdego dnia boryka si\u0119 z hejtem \u2013 r\u00f3wnie\u017c w cyberprzestrzeni, niesprawiedliwym traktowaniem, brakiem zrozumienia, trudno\u015bciami okresu dojrzewania, uzale\u017cnieniami, samotno\u015bci\u0105, problemami przemocy r\u00f3wie\u015bniczej i domowej, nadu\u017cyciami ze strony doros\u0142ych, depresj\u0105, a tak\u017ce innymi problemami, kt\u00f3rych rozwi\u0105zanie wymaga odpowiedniego wsparcia, opieki i troski os\u00f3b doros\u0142ych.<\/span><\/p>\n<p align=\"JUSTIFY\"><span style=\"font-size: 14pt;\">W obecnym czasie szczeg\u00f3lnym wyzwaniem jest zapewnienie ochrony zdrowia psychicznego dzieci, m\u0142odzie\u017cy. Ograniczenia utrudniaj\u0105 mo\u017cliwo\u015bci uzyskania pomocy psychologicznej w sytuacji wyst\u0105pienia potrzeby jej otrzymania.<\/span><\/p>\n<h1 class=\"title\" style=\"text-align: center;\"><span style=\"font-size: 14pt;\"><b><span style=\"font-size: 18pt; color: #800000;\"><img fetchpriority=\"high\" decoding=\"async\" class=\"size-full wp-image-2606 aligncenter\" src=\"http:\/\/www.spkatarzyna.pl\/wp-content\/uploads\/2022\/11\/smile-300x241-1.png\" alt=\"\" width=\"300\" height=\"241\"><\/span><\/b><\/span><\/h1>\n<p align=\"JUSTIFY\"><span style=\"font-size: 14pt;\">Przez wzgl\u0105d na trosk\u0119 o dobro dzieci Rzecznik Praw Dziecka zainicjowa\u0142 przedsi\u0119wzi\u0119cie <b>ca\u0142odobowy Dzieci\u0119cy Telefon Zaufania \u2013 800 12 12 12 <\/b>i dedykowany m\u0142odym ludziom <b>czat internetowy \u2013 <a href=\"https:\/\/brpd.gov.pl\/sos-czat\/\">https:\/\/brpd.gov.pl\/sos-czat\/<\/a>.<\/b> Oba kana\u0142y kontakt\u00f3w prowadzone s\u0105 przez profesjonalnych psycholog\u00f3w. <b>Wspomniany telefon i czat internetowy ma charakter nieodp\u0142atny, nie wymaga r\u00f3wnie\u017c logowania ani instalowania aplikacji<\/b>. Komunikacja odbywa si\u0119 na stronie internetowej rzecznika, a obs\u0142uguj\u0105cy czat eksperci s\u0105 osobami profesjonalnie przygotowanymi do udzielania dzieci i m\u0142odzie\u017cy takiego wsparcia. Kontaktuj\u0105c si\u0119 za po\u015brednictwem tych dw\u00f3ch kana\u0142\u00f3w komunikacji mo\u017cecie uzyska\u0107 natychmiastowe wsparcie, podzieli\u0107 si\u0119 swoimi prze\u017cyciami i wsp\u00f3lnie ze wspieraj\u0105c\u0105 osob\u0105 doros\u0142\u0105 zastanowi\u0107 si\u0119 nad rozwi\u0105zaniem swoich problem\u00f3w.<\/span><\/p>\n<p align=\"JUSTIFY\"><span style=\"color: #800000; font-size: 14pt;\"><b>Dzieci\u0119cy Telefon Zaufania \u2013 800 12 12 12<\/b><\/span><\/p>\n<p align=\"JUSTIFY\"><span style=\"color: #800000; font-size: 14pt;\"><b>czat internetowy \u2013 <a style=\"color: #800000;\" href=\"https:\/\/brpd.gov.pl\/sos-czat\/\">https:\/\/brpd.gov.pl\/sos-czat\/<\/a><\/b><\/span><\/p>\n<p align=\"JUSTIFY\"><span style=\"font-size: 14pt;\"><b>Wi\u0119cej na stronie internetowej <a href=\"https:\/\/brpd.gov.pl\/2020\/12\/07\/startuje-calodobowy-dzieciecy-telefon-zaufania-iczat-internetowy\/\">https:\/\/brpd.gov.pl\/2020\/12\/07\/startuje-calodobowy-dzieciecy-telefon-zaufania-iczat-internetowy\/<\/a><\/b><\/span><\/p>\n<p align=\"JUSTIFY\"><img decoding=\"async\" src=\"https:\/\/dokumenty.mein.gov.pl\/abe046f0-ad40-404d-ab4e-97a8c2dee8b6\/ramkapomocowa.png\"><\/p>\n<p align=\"JUSTIFY\">*informacja przygotowana na podstawie listu Rzecznika Praw Dziecka<\/p>\n<\/div>\n","protected":false},"excerpt":{"rendered":"<p>Drodzy uczniowie! Wielu z Was ka\u017cdego dnia boryka si\u0119 z hejtem \u2013 r\u00f3wnie\u017c w cyberprzestrzeni, niesprawiedliwym traktowaniem, brakiem zrozumienia, trudno\u015bciami okresu dojrzewania, uzale\u017cnieniami, samotno\u015bci\u0105, problemami przemocy r\u00f3wie\u015bniczej i domowej, nadu\u017cyciami ze strony doros\u0142ych, depresj\u0105, a tak\u017ce innymi problemami, kt\u00f3rych rozwi\u0105zanie wymaga odpowiedniego wsparcia, opieki i troski os\u00f3b doros\u0142ych. W obecnym [&hellip;]<\/p>\n","protected":false},"author":6,"featured_media":0,"parent":0,"menu_order":0,"comment_status":"closed","ping_status":"closed","template":"","meta":{"om_disable_all_campaigns":false,"_monsterinsights_skip_tracking":false,"_monsterinsights_sitenote_active":false,"_monsterinsights_sitenote_note":"","_monsterinsights_sitenote_category":0,"ngg_post_thumbnail":0,"footnotes":""},"class_list":["post-2605","page","type-page","status-publish","hentry"],"aioseo_notices":[],"_links":{"self":[{"href":"https:\/\/www.spkatarzyna.pl\/index.php\/wp-json\/wp\/v2\/pages\/2605","targetHints":{"allow":["GET"]}}],"collection":[{"href":"https:\/\/www.spkatarzyna.pl\/index.php\/wp-json\/wp\/v2\/pages"}],"about":[{"href":"https:\/\/www.spkatarzyna.pl\/index.php\/wp-json\/wp\/v2\/types\/page"}],"author":[{"embeddable":true,"href":"https:\/\/www.spkatarzyna.pl\/index.php\/wp-json\/wp\/v2\/users\/6"}],"replies":[{"embeddable":true,"href":"https:\/\/www.spkatarzyna.pl\/index.php\/wp-json\/wp\/v2\/comments?post=2605"}],"version-history":[{"count":10,"href":"https:\/\/www.spkatarzyna.pl\/index.php\/wp-json\/wp\/v2\/pages\/2605\/revisions"}],"predecessor-version":[{"id":7361,"href":"https:\/\/www.spkatarzyna.pl\/index.php\/wp-json\/wp\/v2\/pages\/2605\/revisions\/7361"}],"wp:attachment":[{"href":"https:\/\/www.spkatarzyna.pl\/index.php\/wp-json\/wp\/v2\/media?parent=2605"}],"curies":[{"name":"wp","href":"https:\/\/api.w.org\/{rel}","templated":true}]}}