{"id":2867,"date":"2022-11-16T15:34:08","date_gmt":"2022-11-16T15:34:08","guid":{"rendered":"http:\/\/www.spkatarzyna.pl\/?page_id=2867"},"modified":"2024-10-21T20:56:17","modified_gmt":"2024-10-21T20:56:17","slug":"wolontariat","status":"publish","type":"page","link":"https:\/\/www.spkatarzyna.pl\/index.php\/wolontariat\/","title":{"rendered":"Wolontariat"},"content":{"rendered":"<p style=\"text-align: center;\"><span style=\"font-size: 14pt;\"><span style=\"color: #800000;\"><strong><em>Szkolne Ko\u0142o Caritas <\/em><\/strong><\/span><span style=\"color: #800000;\"><strong><em>i Szkolne Ko\u0142o Wolontariatu<\/em><\/strong><\/span><\/span><\/p>\n<p style=\"text-align: center;\"><span style=\"font-size: 14pt; color: #800000;\"><strong><em>w Publicznej Szkole Podstawowej im.&nbsp; Kardyna\u0142a Stefana Wyszy\u0144skiego \u2013 Prymasa Tysi\u0105clecia w \u015awi\u0119tej Katarzynie na rok szkolny 2024\/2025r.<\/em><\/strong><\/span><\/p>\n<p>&nbsp;<\/p>\n<p>&nbsp;<\/p>\n<ul>\n<li><span style=\"font-size: 14pt;\"><a href=\"http:\/\/www.spkatarzyna.pl\/wp-content\/uploads\/2023\/11\/SKC_Regulamin.pdf\">REGULAMIN SZKOLNEGO KO\u0141A CARITAS<\/a><\/span><\/li>\n<li><a href=\"https:\/\/www.spkatarzyna.pl\/wp-content\/uploads\/2024\/10\/REGULAMIN-SZKOLNEGO-WOLONTARIATU-2024.docx.pdf\"><span style=\"font-size: 14pt;\">REGULAMIN SZKOLNEGO KO\u0141A WOLONTARIATU&nbsp;<\/span><\/a><\/li>\n<li><span style=\"font-size: 14pt;\"><a href=\"https:\/\/www.spkatarzyna.pl\/wp-content\/uploads\/2024\/10\/zgoda-wolontariat.docx.pdf\">ZGODA RODZIC\u00d3W (OPIEKUN\u00d3W) NA UDZIA\u0141 W SZKOLNYM KOLE WOLONTARIATU<\/a><\/span><\/li>\n<li><span style=\"font-size: 14pt;\"><a href=\"http:\/\/www.spkatarzyna.pl\/wp-content\/uploads\/2023\/11\/SKC_Zgoda_ATA.pdf\">ZGODA RODZIC\u00d3W (OPIEKUN\u00d3W) NA UDZIA\u0141 UCZNIA W SZKOLNYM KOLE CARITAS <\/a><\/span><\/li>\n<li><span style=\"font-size: 14pt;\"><a href=\"http:\/\/www.spkatarzyna.pl\/wp-content\/uploads\/2023\/11\/SKC_FORMULARZ-deklaracja_wolontariusza_zgoda_RODO.pdf\">DEKLARACJA WOLONTARIUSZA SZKOLNEGO KO\u0141A CARITAS<\/a><\/span><\/li>\n<\/ul>\n<p><em>&nbsp;<\/em><\/p>\n<p>&nbsp;<\/p>\n","protected":false},"excerpt":{"rendered":"<p>Szkolne Ko\u0142o Caritas i Szkolne Ko\u0142o Wolontariatu w Publicznej Szkole Podstawowej im.&nbsp; Kardyna\u0142a Stefana Wyszy\u0144skiego \u2013 Prymasa Tysi\u0105clecia w \u015awi\u0119tej Katarzynie na rok szkolny 2024\/2025r. &nbsp; &nbsp; REGULAMIN SZKOLNEGO KO\u0141A CARITAS REGULAMIN SZKOLNEGO KO\u0141A WOLONTARIATU&nbsp; ZGODA RODZIC\u00d3W (OPIEKUN\u00d3W) NA UDZIA\u0141 W SZKOLNYM KOLE WOLONTARIATU ZGODA RODZIC\u00d3W (OPIEKUN\u00d3W) NA UDZIA\u0141 UCZNIA [&hellip;]<\/p>\n","protected":false},"author":6,"featured_media":0,"parent":0,"menu_order":0,"comment_status":"closed","ping_status":"closed","template":"","meta":{"om_disable_all_campaigns":false,"_monsterinsights_skip_tracking":false,"_monsterinsights_sitenote_active":false,"_monsterinsights_sitenote_note":"","_monsterinsights_sitenote_category":0,"ngg_post_thumbnail":0,"footnotes":""},"class_list":["post-2867","page","type-page","status-publish","hentry"],"aioseo_notices":[],"_links":{"self":[{"href":"https:\/\/www.spkatarzyna.pl\/index.php\/wp-json\/wp\/v2\/pages\/2867","targetHints":{"allow":["GET"]}}],"collection":[{"href":"https:\/\/www.spkatarzyna.pl\/index.php\/wp-json\/wp\/v2\/pages"}],"about":[{"href":"https:\/\/www.spkatarzyna.pl\/index.php\/wp-json\/wp\/v2\/types\/page"}],"author":[{"embeddable":true,"href":"https:\/\/www.spkatarzyna.pl\/index.php\/wp-json\/wp\/v2\/users\/6"}],"replies":[{"embeddable":true,"href":"https:\/\/www.spkatarzyna.pl\/index.php\/wp-json\/wp\/v2\/comments?post=2867"}],"version-history":[{"count":6,"href":"https:\/\/www.spkatarzyna.pl\/index.php\/wp-json\/wp\/v2\/pages\/2867\/revisions"}],"predecessor-version":[{"id":12104,"href":"https:\/\/www.spkatarzyna.pl\/index.php\/wp-json\/wp\/v2\/pages\/2867\/revisions\/12104"}],"wp:attachment":[{"href":"https:\/\/www.spkatarzyna.pl\/index.php\/wp-json\/wp\/v2\/media?parent=2867"}],"curies":[{"name":"wp","href":"https:\/\/api.w.org\/{rel}","templated":true}]}}