{"id":6665,"date":"2023-10-29T16:42:59","date_gmt":"2023-10-29T16:42:59","guid":{"rendered":"http:\/\/www.spkatarzyna.pl\/?page_id=6665"},"modified":"2025-08-28T08:32:50","modified_gmt":"2025-08-28T08:32:50","slug":"ubezpieczenia-2","status":"publish","type":"page","link":"https:\/\/www.spkatarzyna.pl\/index.php\/ubezpieczenia-2\/","title":{"rendered":"Ubezpieczenia"},"content":{"rendered":"<p class=\"p1\" style=\"text-align: center;\"><span style=\"font-size: 14pt; color: #800000;\"><strong><span class=\"s1\">INFORMACJA O UBEZPIECZENIU DZIECKA, UCZNIA<\/span><\/strong><\/span><\/p>\n<p class=\"p1\" style=\"text-align: center;\"><span style=\"font-size: 14pt; color: #800000;\"><strong><span class=\"s1\">W ROKU SZKOLNYM 2025\/2026<\/span><\/strong><\/span><\/p>\n<div style=\"text-align: justify;\"><span style=\"font-size: 14pt;\">Poni\u017cej informacja o mo\u017cliwo\u015bci wykupienia polisy NNW dla dzieci na <\/span><b style=\"font-size: 14pt;\">rok 2025-2026 <\/b><span style=\"font-size: 14pt;\">&nbsp;<\/span><\/div>\n<div>\n<div id=\"m_-1645088206986576274m_-8731765404436792971x_x_x_mail-editor-reference-message-container\">\n<div><span style=\"font-size: 14pt;\">Polis\u0119 <b>mo\u017cna zakupi\u0107 on-line <\/b>przez&nbsp;poni\u017cszy link.&nbsp;&nbsp;<\/span><\/div>\n<div><span style=\"font-size: 14pt;\">Podane sk\u0142adki s\u0105 sk\u0142adkami rocznymi !<\/span><\/div>\n<div>&nbsp;<\/div>\n<div><span style=\"font-size: 14pt;\">Ubezpieczenie funkcjonuje 24 godziny na dob\u0119.&nbsp;<\/span><\/div>\n<div>&nbsp;<\/div>\n<div><span style=\"font-size: 14pt;\">Mo\u017cna ustawi\u0107 sobie okres ubezpieczenia.<\/span><\/div>\n<div><span style=\"font-size: 14pt;\"><b>&nbsp;<\/b><\/span><\/div>\n<div><span style=\"font-size: 14pt;\"><b>Link jest wa\u017cny do 31.10.2025<\/b><\/span><b><\/b><\/div>\n<div><span style=\"font-size: 14pt;\"><b><i><u>&nbsp;<\/u><\/i><\/b><\/span><\/div>\n<div><span style=\"font-size: 14pt;\"><b><i><u>UWAGA&nbsp; !&nbsp;<\/u><\/i><\/b><\/span><b><i><u><\/u><\/i><\/b><\/div>\n<div><span style=\"font-size: 14pt;\"><b><i><u>&nbsp;<\/u><\/i><\/b><\/span><\/div>\n<div><span style=\"font-size: 14pt;\"><b><i><u>Polisa zacznie si\u0119 nie wcze\u015bniej ni\u017c od dnia nast\u0119pnego po jej zakupie&nbsp; !<\/u><\/i><\/b><\/span><\/div>\n<div><span style=\"font-size: 14pt;\"><b>&nbsp;<\/b><\/span><\/div>\n<div><span style=\"font-size: 14pt;\"><b>Ka\u017cdy z Rodzic\u00f3w po zakupie polisy otrzyma potwierdzenie polisy na maila<\/b><\/span><\/div>\n<div id=\"m_-1645088206986576274m_-8731765404436792971x_x_x_ms-outlook-mobile-body-separator-line\">&nbsp;<\/div>\n<div id=\"m_-1645088206986576274m_-8731765404436792971x_x_x_mail-editor-reference-message-container\">\n<div style=\"text-align: center;\"><span style=\"font-size: 14pt;\"><b><img fetchpriority=\"high\" decoding=\"async\" class=\"alignnone  wp-image-16334\" src=\"https:\/\/www.spkatarzyna.pl\/wp-content\/uploads\/2025\/08\/image-300x257.png\" alt=\"\" width=\"470\" height=\"402\" srcset=\"https:\/\/www.spkatarzyna.pl\/wp-content\/uploads\/2025\/08\/image-300x257.png 300w, https:\/\/www.spkatarzyna.pl\/wp-content\/uploads\/2025\/08\/image.png 706w\" sizes=\"(max-width: 470px) 100vw, 470px\" \/><\/b><\/span><\/div>\n<div align=\"center\">\n<table id=\"m_-1645088206986576274m_-8731765404436792971x_x_x_x_x_x_x_x_x_x_x_x_x_x_x_x_x_x_x_x_x_x_x_x_x_x_m_-6813164542801620456x_m_4294641809666936734x_m_2072370302520346307x_x_x_x_x_x_x_x_x_x_x_x_x_x_x_x_x_x_x_x_table_0\">\n<tbody>\n<tr>\n<td>\n<div><span style=\"font-size: 14pt;\"><b>Jak przej\u015b\u0107 do oferty i kupi\u0107 ubezpieczenie<\/b><\/span><b><\/b><\/div>\n<div>&nbsp;<\/div>\n<div><span style=\"font-size: 14pt;\"><b>1. Kliknij w poni\u017cszy link, aby przej\u015b\u0107 do oferty.<\/b><\/span><b><\/b><\/div>\n<div><span style=\"font-size: 14pt;\">2.<b>&nbsp;Zapoznaj si\u0119 z informacjami o przetwarzaniu danych osobowych i wyra\u017a niezb\u0119dne zgody, a nast\u0119pnie pobierz wymagane dokumenty.<\/b><\/span><\/div>\n<div><span style=\"font-size: 14pt;\">3. <b>Zapoznaj si\u0119 z ofert\u0105 i op\u0142a\u0107 wygodnie sk\u0142adk\u0119 za pomoc\u0105 p\u0142atno\u015bci online.<\/b><\/span><\/div>\n<div>&nbsp;<\/div>\n<div><span style=\"font-size: 14pt;\"><b>Link do kupna polisy<\/b>&nbsp;(<b>dzieci od 7 do 25 roku \u017cycia<\/b>)&nbsp;<\/span><\/div>\n<div>&nbsp;<\/div>\n<div><span style=\"font-size: 14pt;\"><b><a id=\"m_-1645088206986576274m_-8731765404436792971OWAf12f1454-96cd-1b35-149f-0e19809e607a\" href=\"https:\/\/www.nnwdlaszkoly.pl\/oferta\/wqJ7kx\" target=\"_blank\" rel=\"noopener\" data-saferedirecturl=\"https:\/\/www.google.com\/url?q=https:\/\/www.nnwdlaszkoly.pl\/oferta\/wqJ7kx&amp;source=gmail&amp;ust=1756454959085000&amp;usg=AOvVaw04qAD5mnWmurt2vwxx-VVd\">https:\/\/www.nnwdlaszkoly.pl\/<wbr>oferta\/wqJ7kx<\/a><\/b><\/span><\/div>\n<div><span style=\"font-size: 14pt;\"><b><br \/>\nLink do kupna polisy<\/b>&nbsp;(<b>dzieci do 7 roku \u017cycia<\/b>)&nbsp;<\/span><\/div>\n<div>&nbsp;<\/div>\n<div><span style=\"font-size: 14pt;\"><b><a id=\"m_-1645088206986576274m_-8731765404436792971OWA0dfc4f2a-0265-2838-7147-c39aaa5a06d6\" href=\"https:\/\/www.nnwdlaszkoly.pl\/oferta\/GPu08h\" target=\"_blank\" rel=\"noopener\" data-saferedirecturl=\"https:\/\/www.google.com\/url?q=https:\/\/www.nnwdlaszkoly.pl\/oferta\/GPu08h&amp;source=gmail&amp;ust=1756454959085000&amp;usg=AOvVaw3bYZKmq2STbdjWwcNXKLwL\">https:\/\/www.nnwdlaszkoly.pl\/<wbr>oferta\/GPu08h<\/a><\/b><\/span><\/div>\n<div>&nbsp;<\/div>\n<div><span style=\"font-size: 14pt;\"><b>Wybrane atuty ubezpieczenia <u>w zale\u017cno\u015bci od wybranego Wariantu<\/u>:&nbsp;<\/b><\/span><\/div>\n<div>&nbsp;<\/div>\n<div style=\"text-align: justify;\"><span style=\"font-size: 14pt;\"><b>Wysokie sumy ubezpieczenia <u>do 100 000 z\u0142.<\/u><\/b><\/span><\/div>\n<div style=\"text-align: justify;\"><span style=\"font-size: 14pt;\"><b>&nbsp;<\/b><\/span><\/div>\n<div style=\"text-align: justify;\"><span style=\"font-size: 14pt;\"><b><u>Wyczynowe uprawianie sportu obj\u0119te ubezpieczeniem<\/u>&nbsp;<\/b><\/span><\/div>\n<div style=\"text-align: justify;\"><span style=\"font-size: 14pt;\"><b>(<\/b><b>poza sportami wysokiego ryzyka i sportem uprawianym zawodowo<\/b><b>)&nbsp;<\/b><\/span><\/div>\n<div style=\"text-align: justify;\"><span style=\"font-size: 14pt;\"><b>Uszczerbek na zdrowiu w wyniku wypadku, koszty leczenia i rehabilitacji powsta\u0142e w wyniku wypadku&nbsp;&#8211; pomagamy, gdy dziecko dozna urazu cia\u0142a. Wyp\u0142acamy \u015bwiadczenie zgodnie z Tabel\u0105 norm oceny stopnia uszczerbku na zdrowiu w wyniku wypadku oraz pokrywamy koszty m.in.:<\/b><\/span><\/div>\n<ul style=\"text-align: justify;\">\n<li><span style=\"font-size: 14pt;\">wynagrodzenia lekarskiego i piel\u0119gniarskiego,<\/span><\/li>\n<li><span style=\"font-size: 14pt;\">koszty zakupu lekarstw i opatrunk\u00f3w (zaleconych przez lekarza),<\/span><\/li>\n<li><span style=\"font-size: 14pt;\">koszty leczenia stomatologicznego,<\/span><\/li>\n<li><span style=\"font-size: 14pt;\">koszty operacji plastycznych,<\/span><\/li>\n<li><span style=\"font-size: 14pt;\">koszty zakupu lub wypo\u017cyczenia w\u00f3zka inwalidzkiego,<\/span><\/li>\n<li><span style=\"font-size: 14pt;\">koszty wykonania zdj\u0119\u0107 rentgenowskich,<\/span><\/li>\n<li><span style=\"font-size: 14pt;\">koszty USG lub innych bada\u0144 diagnostycznych niezb\u0119dnych w procesie leczenia,<\/span><\/li>\n<li><span style=\"font-size: 14pt;\">koszty rehabilitacji w trybie ambulatoryjnym.<\/span><\/li>\n<\/ul>\n<div style=\"text-align: justify;\"><span style=\"font-size: 14pt;\"><b>Ochrona ubezpieczonego dziecka w sieci&nbsp;\u2013 pomagamy w usuni\u0119ciu niepo\u017c\u0105danych tre\u015bci, wsparcie psychologa oraz informacje o mo\u017cliwo\u015bciach obrony swoich praw w post\u0119powaniu s\u0105dowym.<\/b><\/span><\/div>\n<div style=\"text-align: justify;\"><span style=\"font-size: 14pt;\"><b>&nbsp;<\/b><\/span><\/div>\n<div style=\"text-align: justify;\"><span style=\"font-size: 14pt;\"><b>\u015awiadczenia assistance po wypadku&nbsp;\u2013 pomagamy, gdy jest potrzebne praktyczne wsparcie po wypadku.<\/b><\/span><\/div>\n<div style=\"text-align: justify;\"><span style=\"font-size: 14pt;\"><b>Organizujemy i pokrywamy koszty za us\u0142ugi takie jak:<\/b><\/span><\/div>\n<ul style=\"text-align: justify;\">\n<li><span style=\"font-size: 14pt;\">assistance pogrzebowy (a w nim repatriacja \/ transport zw\u0142ok do Polski, zwrot koszt\u00f3w pogrzebu na terytorium Polski,<\/span><\/li>\n<li>\n<div role=\"presentation\"><span style=\"font-size: 14pt;\">pomoc psychologa dla rodziny (telekonsultacje, konsultacje, infolinia),<\/span><\/div>\n<\/li>\n<li><span style=\"font-size: 14pt;\">telemedycyna\/teleporada (2 \u015bwiadczenia na 1 wypadek),<\/span><\/li>\n<li><span style=\"font-size: 14pt;\">zwrot koszt\u00f3w z tytu\u0142u odwo\u0142ania uczestnictwa w wycieczce szkolnej max 500 z\u0142,<\/span><\/li>\n<li><span style=\"font-size: 14pt;\">konsultacje z wybranymi lekarzami specjalistami oraz z psychologiem,<\/span><\/li>\n<li><span style=\"font-size: 14pt;\">badania ambulatoryjne i specjalistyczne (tomografia komputerowa i rezonans magnetyczny),<\/span><\/li>\n<li><span style=\"font-size: 14pt;\">transport medyczny,<\/span><\/li>\n<li><span style=\"font-size: 14pt;\">dostarczenie lek\u00f3w,<\/span><\/li>\n<li><span style=\"font-size: 14pt;\">domowe wizyty piel\u0119gniarskie,<\/span><\/li>\n<li>\n<div role=\"presentation\"><span style=\"font-size: 14pt;\">dostarczanie i zakup posi\u0142k\u00f3w podczas pobytu ubezpieczonego na zwolnieniu lekarskim<\/span><\/div>\n<\/li>\n<li>\n<div role=\"presentation\"><span style=\"font-size: 14pt;\">&nbsp;b\u0105d\u017a zalecenie lekarza prowadz\u0105cego do pozostania w miejscu zamieszkania,<\/span><\/div>\n<\/li>\n<li><span style=\"font-size: 14pt;\">korepetycje lub opieka nad ubezpieczonym.<\/span><\/li>\n<\/ul>\n<div style=\"text-align: justify;\"><span style=\"font-size: 14pt;\"><b>\u015awiadczenia za pobyt w szpitalu w wyniku wypadku:<\/b><\/span><\/div>\n<ul style=\"text-align: justify;\">\n<li><span style=\"font-size: 14pt;\">wyp\u0142ata \u015bwiadczenia w przypadku pobytu w szpitalu min. 24h (do 100 z\u0142 za dzie\u0144, max 180 dni),<\/span><\/li>\n<li><span style=\"font-size: 14pt;\">dodatkowe \u015bwiadczenie w wysoko\u015bci 400 z\u0142 za ka\u017cdy dzie\u0144 pobytu na OIOM\/OIT (max 7 dni),<\/span><\/li>\n<li><span style=\"font-size: 14pt;\">organizacja i pokrycie koszt\u00f3w pobytu opiekuna dziecka w szpitalu lub hotelu (do 100 z\u0142 za dzie\u0144, max 14 dni),<\/span><\/li>\n<li><span style=\"font-size: 14pt;\">\u015bwiadczenie z tytu\u0142u pobytu w szpitalu wyp\u0142acane ju\u017c za pierwsz\u0105 pe\u0142n\u0105 dob\u0119 pobytu.<\/span><\/li>\n<\/ul>\n<div style=\"text-align: justify;\"><span style=\"font-size: 14pt;\"><b>\u015awiadczenia po nag\u0142ym zachorowaniu skutkuj\u0105cym hospitalizacj\u0105 &#8211; 4 dni<\/b><\/span><\/div>\n<ul style=\"text-align: justify;\">\n<li><span style=\"font-size: 14pt;\">teleporada\/telemedycyna &#8211; 2 \u015bwiadczenia na nag\u0142e zachorowanie,<\/span><\/li>\n<li><span style=\"font-size: 14pt;\">w wypadku hospitalizacji trwaj\u0105cej min. 4 dni &#8211; wyp\u0142ata \u015bwiadczenia 400 z\u0142,<\/span><\/li>\n<li><span style=\"font-size: 14pt;\">dodatkowe \u015bwiadczenie w wysoko\u015bci 1600 z\u0142 za pobyt na OIOM\/OIT,<\/span><\/li>\n<li><span style=\"font-size: 14pt;\">z tytu\u0142u odwo\u0142ania uczestnictwa w wycieczce szkolnej wyp\u0142ata \u015bwiadczenia 350 z\u0142.<\/span><\/li>\n<\/ul>\n<div style=\"text-align: justify;\"><span style=\"font-size: 14pt;\"><b>Sporty Wysokiego ryzyka (<\/b><b>nie obj\u0119te ubezpieczeniem!<\/b><b>&nbsp;) :<\/b><\/span><\/div>\n<div style=\"text-align: justify;\"><span style=\"font-size: 14pt;\"><b>Sporty wysokiego ryzyka&nbsp;&#8211; baloniarstwo, baseball, biegi d\u0142ugodystansowe, futbol ameryka\u0144ski, futsal (II klasa rozgrywkowa i wy\u017csze), hokej, hokej na rolkach, hokej podwodny, hydrospeed, kajakarstwo g\u00f3rskie, kanioning, kolarstwo szosowe (wy\u015bcigowe), torowe, ekstremalne i g\u00f3rskie, narciarstwo ekstremalne (freestyle, heliskiing, skialpinizm, ski-tour, zjazdy ekstremalne, jazda poza wyznaczonymi trasami, zjazdy wyczynowe), nurkowanie z automatem oddechowym na g\u0142\u0119boko\u015b\u0107 wi\u0119ksz\u0105 ni\u017c 30 m p.p.m. (poni\u017cej poziomu morza), odmiany parkour, pi\u0142ka no\u017cna (III klasa rozgrywkowa i wy\u017csze), pi\u0142ka r\u0119czna (III klasa rozgrywkowa i wy\u017csze); podnoszenie ci\u0119\u017car\u00f3w, polo, polowanie z u\u017cyciem broni palnej lub pneumatycznej, przebywanie w terenie g\u00f3rskim poza wytyczonymi trasami lub szlakami, psie zaprz\u0119gi, rugby, skoki na bungee, skoki z klif\u00f3w, slackline i odmiany, snowboarding ekstremalny (freeride, heliboarding, snowboarding wysokog\u00f3rski i pr\u0119dko\u015bciowy, skoki i ewolucje snowboardowe, jazda poza wyznaczonymi trasami, zjazdy wyczynowe, snowkite, snowtrikke, snowblades, boardercross, snowscooting, icesurfing), speedrower, speleologia, sporty lotnicze, sporty motorowe i motorowodne (z wyj\u0105tkiem rekreacyjnej jazdy na: quadach, skuterach, skuterach wodnych, motor\u00f3wk\u0105), sporty spadochronowe, sporty w kt\u00f3rych wykorzystywane s\u0105 pojazdy przeznaczone do poruszania si\u0119 po \u015bniegu lub lodzie, sporty wspinaczkowe (ze sprz\u0119tem i bez, z wy\u0142\u0105czeniem wspinaczki indoorowej\/\u015bciankowej), street luge, strzelectwo, trekking po szlakach via ferrata, trekking z u\u017cyciem sprz\u0119tu zabezpieczaj\u0105cego (liny, raki, czekan, uprz\u0105\u017c), wakeboarding, wrotkarstwo alpejskie, wszelka aktywno\u015b\u0107 fizyczna, kt\u00f3rej uprawianie wymaga u\u017cycia broni bia\u0142ej lub palnej (z wy\u0142\u0105czeniem szermierki), wyprawy do miejsc charakteryzuj\u0105cych si\u0119 ekstremalnymi warunkami klimatycznymi lub przyrodniczymi (obszary podbiegunowe, d\u017cungle, lodowce, pustynie), zjazdy na linie, \u017cegluga\/p\u0142ywanie jachtem w odleg\u0142o\u015bci powy\u017cej 20 mil morskich od brzegu.<\/b><\/span><\/div>\n<div style=\"text-align: justify;\"><span style=\"font-size: 14pt;\"><b>&nbsp;<\/b><\/span><\/div>\n<div style=\"text-align: justify;\"><span style=\"font-size: 14pt;\"><b>Zawodowe uprawianie sportu (<\/b><b>nie obj\u0119te ubezpieczeniem!<\/b><b>): &#8211;&nbsp;uprawianie dyscyplin sportowych na podstawie umowy o prac\u0119 lub umowy cywilnoprawnej uprawniaj\u0105cej do otrzymywania w zwi\u0105zku z uprawianiem sportu&nbsp;wynagrodzenia w dowolnej formie, w tym tak\u017ce stypendium lub zwrotu koszt\u00f3w zwi\u0105zanych z uprawianiem sportu w postaci diet, zasi\u0142k\u00f3w niezale\u017cnie od tego, czy sport jest uprawiany indywidualnie, czy zespo\u0142owo<\/b><\/span><\/div>\n<div style=\"text-align: justify;\"><span style=\"font-size: 14pt;\"><b>&nbsp;<\/b><\/span><\/div>\n<div style=\"text-align: justify;\"><span style=\"font-size: 14pt;\"><b>Zg\u0142oszenie roszcze\u0144 pod poni\u017cszym linkiem:<\/b><\/span><\/div>\n<div style=\"text-align: justify;\"><span style=\"font-size: 14pt;\"><b>&nbsp;<\/b><\/span><\/div>\n<div style=\"text-align: justify;\"><span style=\"font-size: 14pt;\"><b><a id=\"m_-1645088206986576274m_-8731765404436792971OWAf6fe7610-5f13-4b76-d0ec-b4cabfd7e544\" href=\"https:\/\/provider.mondial-assistance.pl\/forms\/f\/strefannw\" target=\"_blank\" rel=\"noopener\" data-saferedirecturl=\"https:\/\/www.google.com\/url?q=https:\/\/provider.mondial-assistance.pl\/forms\/f\/strefannw&amp;source=gmail&amp;ust=1756454959085000&amp;usg=AOvVaw1tVGGCaHS8ncH_Q8kUoumR\">https:\/\/provider.mondial-<wbr>assistance.pl\/forms\/f\/<wbr>strefannw<\/a><\/b><\/span><\/div>\n<div>&nbsp;<\/div>\n<div><span style=\"font-size: 12pt;\">Tomasz Mr\u00f3z<\/span><br \/>\n<span style=\"font-size: 12pt;\">Kluczowy Partner Allianz<\/span><br \/>\n<span style=\"font-size: 12pt;\">tel. kom. 504&nbsp;081&nbsp;046, tel.\/fax: +48 71&nbsp;349 37 14<\/span><\/div>\n<div><span style=\"font-size: 12pt;\">Znajdziesz mnie&nbsp;&nbsp;<\/span><br \/>\n<span style=\"font-size: 12pt;\">ul. Legnicka 62c pok\u00f3j 201&nbsp;(obok hipermarketu Kaufland)<\/span><br \/>\n<span style=\"font-size: 12pt;\">54-204 Wroc\u0142aw<\/span><br \/>\n<span style=\"font-size: 12pt;\">Godziny otwarcia: pon. \u2013 pt. 8:30 \u2013 16:00<\/span><\/div>\n<div><span style=\"font-size: 12pt;\">Zapraszam na:&nbsp;&nbsp;&nbsp;&nbsp;&nbsp;&nbsp;&nbsp;&nbsp;&nbsp;&nbsp;<\/span><br \/>\n<span style=\"font-size: 12pt;\"><u><a id=\"m_-1645088206986576274m_-8731765404436792971OWAf3377bdc-38b1-fd9e-6496-6f1b74a5bed9\" href=\"http:\/\/agent.allianz.pl\/tomasz.mroz\" target=\"_blank\" rel=\"noopener\" data-saferedirecturl=\"https:\/\/www.google.com\/url?q=http:\/\/agent.allianz.pl\/tomasz.mroz&amp;source=gmail&amp;ust=1756454959085000&amp;usg=AOvVaw2HU38GuICbsZaaLMQBVrkv\">http:\/\/agent.allianz.pl\/<wbr>tomasz.mroz<\/a><\/u><\/span><\/div>\n<div><span style=\"font-size: 12pt;\"><u><a id=\"m_-1645088206986576274m_-8731765404436792971OWA2dd32144-2ebf-7b25-02df-06b7441a9e56\" href=\"http:\/\/www.ubezpieczamwallianz.pl\/\" target=\"_blank\" rel=\"noopener\" data-saferedirecturl=\"https:\/\/www.google.com\/url?q=http:\/\/www.ubezpieczamwallianz.pl\/&amp;source=gmail&amp;ust=1756454959085000&amp;usg=AOvVaw1PhcXX2PpBnIAn0oxr5RTi\">www.ubezpieczamwallianz.pl<\/a><\/u><\/span><br \/>\n<span style=\"font-size: 12pt;\"><a id=\"m_-1645088206986576274m_-8731765404436792971OWA7bb160e0-6301-d116-bd3d-6260aa02467e\" href=\"http:\/\/www.allianz.pl\/\" target=\"_blank\" rel=\"noopener\" data-saferedirecturl=\"https:\/\/www.google.com\/url?q=http:\/\/www.allianz.pl\/&amp;source=gmail&amp;ust=1756454959085000&amp;usg=AOvVaw2XHHc5smp3pxjBXLKR4t_6\">www.allianz.pl<\/a><\/span><\/p>\n<p><span style=\"font-size: 12pt;\">Je\u017celi Pa\u0144stwa e-mail zawiera dane osobowe albo zostan\u0105 one podane w kolejnej korespondencji, prosimy o zapoznanie si\u0119 ze szczeg\u00f3\u0142owymi informacjami dotycz\u0105cymi przetwarzania danych osobowych znajduj\u0105cej si\u0119 na stronie Allianz w zak\u0142adce Twoje dane.<\/span><\/div>\n<\/td>\n<\/tr>\n<\/tbody>\n<\/table>\n<\/div>\n<div>&nbsp;<\/div>\n<div align=\"center\">\n<table id=\"m_-1645088206986576274m_-8731765404436792971x_x_x_x_x_x_x_x_x_x_x_x_x_x_x_x_x_x_x_x_x_x_x_x_x_x_x_x_m_-6813164542801620456x_m_4294641809666936734x_m_2072370302520346307x_x_x_x_x_x_x_x_x_x_x_x_x_x_x_x_x_x_x_x_table_0\">\n<tbody>\n<tr>\n<td>\n<p style=\"text-align: justify;\"><span style=\"font-size: 14pt;\">Towarzystwo Ubezpiecze\u0144 i Reasekuracji Allianz Polska Sp\u00f3\u0142ka Akcyjna z siedzib\u0105 w Warszawie, ul. Inflancka 4B, 00-189 Warszawa, wpisana do rejestru przedsi\u0119biorc\u00f3w prowadzonego przez S\u0105d Rejonowy dla m. st. Warszawy w Warszawie, XII Wydzia\u0142 Gospodarczy Krajowego Rejestru S\u0105dowego, pod numerem KRS: 0000028261, NIP 525-15-65-015, REGON&nbsp; 012267870, wysoko\u015b\u0107 kapita\u0142u zak\u0142adowego: 457 110 000 z\u0142otych (wp\u0142acony w ca\u0142o\u015bci).<\/span><\/p>\n<\/td>\n<\/tr>\n<\/tbody>\n<\/table>\n<div class=\"adL\">&nbsp;<\/div>\n<\/div>\n<div class=\"adL\"><strong style=\"font-size: 14pt;\">Dokumenty do pobrania:<\/strong><\/div>\n<\/div>\n<\/div>\n<\/div>\n<ul>\n<li><span style=\"font-size: 14pt;\"><a href=\"https:\/\/www.spkatarzyna.pl\/wp-content\/uploads\/2025\/08\/dokument_informacyjny_TUiR_03.2024_FINALNY.pdf\">Dokument informacyjny<\/a><\/span><\/li>\n<li><span style=\"font-size: 14pt;\"><a href=\"https:\/\/www.spkatarzyna.pl\/wp-content\/uploads\/2025\/08\/Klauzula-TUiR-NNW-Szk-02-24.pdf\">Klauzula informacyjna NNW<\/a><\/span><\/li>\n<li><span style=\"font-size: 14pt;\"><a href=\"https:\/\/www.spkatarzyna.pl\/wp-content\/uploads\/2025\/08\/Polityka-Prywatnosci.pdf\">Polityka Prywatno\u015bci<\/a><\/span><\/li>\n<li><span style=\"font-size: 14pt;\"><a href=\"https:\/\/www.spkatarzyna.pl\/wp-content\/uploads\/2025\/08\/REGULAMIN-SERWISU-nnwdlaszkoly.pdf\">REGULAMIN SERWISU NNW dla szko\u0142y<\/a><\/span><\/li>\n<li><span style=\"font-size: 14pt;\"><a href=\"https:\/\/www.spkatarzyna.pl\/wp-content\/uploads\/2025\/08\/OWU-NNW-Szkolne.pdf\">Strefa NNW szkolne<\/a><\/span><\/li>\n<\/ul>\n","protected":false},"excerpt":{"rendered":"<p>INFORMACJA O UBEZPIECZENIU DZIECKA, UCZNIA W ROKU SZKOLNYM 2025\/2026 Poni\u017cej informacja o mo\u017cliwo\u015bci wykupienia polisy NNW dla dzieci na rok 2025-2026 &nbsp; Polis\u0119 mo\u017cna zakupi\u0107 on-line przez&nbsp;poni\u017cszy link.&nbsp;&nbsp; Podane sk\u0142adki s\u0105 sk\u0142adkami rocznymi ! &nbsp; Ubezpieczenie funkcjonuje 24 godziny na dob\u0119.&nbsp; &nbsp; Mo\u017cna ustawi\u0107 sobie okres ubezpieczenia. &nbsp; Link jest [&hellip;]<\/p>\n","protected":false},"author":6,"featured_media":0,"parent":0,"menu_order":0,"comment_status":"closed","ping_status":"closed","template":"","meta":{"om_disable_all_campaigns":false,"_monsterinsights_skip_tracking":false,"_monsterinsights_sitenote_active":false,"_monsterinsights_sitenote_note":"","_monsterinsights_sitenote_category":0,"ngg_post_thumbnail":0,"footnotes":""},"class_list":["post-6665","page","type-page","status-publish","hentry"],"aioseo_notices":[],"_links":{"self":[{"href":"https:\/\/www.spkatarzyna.pl\/index.php\/wp-json\/wp\/v2\/pages\/6665","targetHints":{"allow":["GET"]}}],"collection":[{"href":"https:\/\/www.spkatarzyna.pl\/index.php\/wp-json\/wp\/v2\/pages"}],"about":[{"href":"https:\/\/www.spkatarzyna.pl\/index.php\/wp-json\/wp\/v2\/types\/page"}],"author":[{"embeddable":true,"href":"https:\/\/www.spkatarzyna.pl\/index.php\/wp-json\/wp\/v2\/users\/6"}],"replies":[{"embeddable":true,"href":"https:\/\/www.spkatarzyna.pl\/index.php\/wp-json\/wp\/v2\/comments?post=6665"}],"version-history":[{"count":4,"href":"https:\/\/www.spkatarzyna.pl\/index.php\/wp-json\/wp\/v2\/pages\/6665\/revisions"}],"predecessor-version":[{"id":16340,"href":"https:\/\/www.spkatarzyna.pl\/index.php\/wp-json\/wp\/v2\/pages\/6665\/revisions\/16340"}],"wp:attachment":[{"href":"https:\/\/www.spkatarzyna.pl\/index.php\/wp-json\/wp\/v2\/media?parent=6665"}],"curies":[{"name":"wp","href":"https:\/\/api.w.org\/{rel}","templated":true}]}}